{"id":2156,"date":"2019-08-14T15:13:46","date_gmt":"2019-08-14T13:13:46","guid":{"rendered":"https:\/\/medispine.aretis-staging.ch\/?page_id=2156"},"modified":"2019-08-23T16:26:08","modified_gmt":"2019-08-23T14:26:08","slug":"cv-kuzeawu","status":"publish","type":"page","link":"https:\/\/www.medispine.ch\/fr\/cv-kuzeawu\/","title":{"rendered":"CV Kuzeawu"},"content":{"rendered":"<div id='av_section_1'  class='avia-section av-av_section-2dcda1862a94bb522b437cf4f29dd74d main_color avia-section-default avia-no-shadow  avia-builder-el-0  avia-builder-el-no-sibling  avia-bg-style-scroll container_wrap fullsize'  ><div class='container av-section-cont-open' ><main  role=\"main\" itemprop=\"mainContentOfPage\"  class='template-page content  av-content-full alpha units'><div class='post-entry post-entry-type-page post-entry-2156'><div class='entry-content-wrapper clearfix'>\n\n<style type=\"text\/css\" data-created_by=\"avia_inline_auto\" id=\"style-css-av-av_heading-9932658915a8dbd51d10d94a02fa7082\">\n#top .av-special-heading.av-av_heading-9932658915a8dbd51d10d94a02fa7082{\npadding-bottom:10px;\n}\nbody .av-special-heading.av-av_heading-9932658915a8dbd51d10d94a02fa7082 .av-special-heading-tag .heading-char{\nfont-size:25px;\n}\n.av-special-heading.av-av_heading-9932658915a8dbd51d10d94a02fa7082 .av-subheading{\nfont-size:20px;\n}\n<\/style>\n<div  class='av-special-heading av-av_heading-9932658915a8dbd51d10d94a02fa7082 av-special-heading-h1 blockquote modern-quote modern-centered  avia-builder-el-1  el_before_av_hr  avia-builder-el-first '><h1 class='av-special-heading-tag '  itemprop=\"headline\"  >Aanyo Kuzeawu<\/h1><div class='av-subheading av-subheading_below'><p>CV<\/p>\n<\/div><div class=\"special-heading-border\"><div class=\"special-heading-inner-border\"><\/div><\/div><\/div>\n<div  class='hr av-av_hr-34b6fe9e9f66a46e6d69cf6e4e15f130 hr-short  avia-builder-el-2  el_after_av_heading  el_before_av_one_third  hr-center'><span class='hr-inner '><span class=\"hr-inner-style\"><\/span><\/span><\/div>\n\n<style type=\"text\/css\" data-created_by=\"avia_inline_auto\" id=\"style-css-av-av_one_third-cd7b71d425981423b1a64d23e924d553\">\n#top .flex_column.av-av_one_third-cd7b71d425981423b1a64d23e924d553{\nmargin-top:30px;\nmargin-bottom:0px;\n}\n.flex_column.av-av_one_third-cd7b71d425981423b1a64d23e924d553{\nborder-radius:0px 0px 0px 0px;\npadding:0px 0px 0px 0px;\n}\n.responsive #top #wrap_all .flex_column.av-av_one_third-cd7b71d425981423b1a64d23e924d553{\nmargin-top:30px;\nmargin-bottom:0px;\n}\n<\/style>\n<div  class='flex_column av-av_one_third-cd7b71d425981423b1a64d23e924d553 av_one_third  avia-builder-el-3  el_after_av_hr  el_before_av_two_third  first flex_column_div av-zero-column-padding  '     ><p>\n<style type=\"text\/css\" data-created_by=\"avia_inline_auto\" id=\"style-css-av-av_image-9158707abc447be66391369a0d76865e\">\n.avia-image-container.av-av_image-9158707abc447be66391369a0d76865e img.avia_image{\nbox-shadow:none;\n}\n.avia-image-container.av-av_image-9158707abc447be66391369a0d76865e .av-image-caption-overlay-center{\ncolor:#ffffff;\n}\n<\/style>\n<div  class='avia-image-container av-av_image-9158707abc447be66391369a0d76865e av-styling- avia-align-center  avia-builder-el-4  el_before_av_textblock  avia-builder-el-first '   itemprop=\"image\" itemscope=\"itemscope\" itemtype=\"https:\/\/schema.org\/ImageObject\" ><div class=\"avia-image-container-inner\"><div class=\"avia-image-overlay-wrap\"><img decoding=\"async\" fetchpriority=\"high\" class='wp-image-2070 avia-img-lazy-loading-not-2070 avia_image ' src=\"https:\/\/www.medispine.ch\/wp-content\/uploads\/2019\/08\/kuzeawu.jpg\" alt='' title='kuzeawu'  height=\"627\" width=\"840\"  itemprop=\"thumbnailUrl\" srcset=\"https:\/\/www.medispine.ch\/wp-content\/uploads\/2019\/08\/kuzeawu.jpg 840w, https:\/\/www.medispine.ch\/wp-content\/uploads\/2019\/08\/kuzeawu-500x373.jpg 500w, https:\/\/www.medispine.ch\/wp-content\/uploads\/2019\/08\/kuzeawu-768x573.jpg 768w, https:\/\/www.medispine.ch\/wp-content\/uploads\/2019\/08\/kuzeawu-705x526.jpg 705w, https:\/\/www.medispine.ch\/wp-content\/uploads\/2019\/08\/kuzeawu-450x336.jpg 450w, https:\/\/www.medispine.ch\/wp-content\/uploads\/2019\/08\/kuzeawu-300x224.jpg 300w\" sizes=\"(max-width: 840px) 100vw, 840px\" \/><\/div><\/div><\/div><br \/>\n<section  class='av_textblock_section av-av_textblock-2de302bf1aa3cf4c9157dbe6f50ac7eb '   itemscope=\"itemscope\" itemtype=\"https:\/\/schema.org\/CreativeWork\" ><div class='avia_textblock'  itemprop=\"text\" ><p>Aanyo Kuzeawu<\/p>\n<\/div><\/section><br \/>\n<div  class='hr av-av_hr-9276880bb950b25f0e0aeee14cf875ae hr-short  avia-builder-el-6  el_after_av_textblock  avia-builder-el-last  hr-left'><span class='hr-inner '><span class=\"hr-inner-style\"><\/span><\/span><\/div><\/p><\/div>\n<style type=\"text\/css\" data-created_by=\"avia_inline_auto\" id=\"style-css-av-av_two_third-c8fc129dc35fd1ae2a1e410224d39ea8\">\n#top .flex_column.av-av_two_third-c8fc129dc35fd1ae2a1e410224d39ea8{\nmargin-top:30px;\nmargin-bottom:0px;\n}\n.flex_column.av-av_two_third-c8fc129dc35fd1ae2a1e410224d39ea8{\nborder-radius:0px 0px 0px 0px;\npadding:0px 0px 0px 0px;\n}\n.responsive #top #wrap_all .flex_column.av-av_two_third-c8fc129dc35fd1ae2a1e410224d39ea8{\nmargin-top:30px;\nmargin-bottom:0px;\n}\n<\/style>\n<div  class='flex_column av-av_two_third-c8fc129dc35fd1ae2a1e410224d39ea8 av_two_third  avia-builder-el-7  el_after_av_one_third  avia-builder-el-last  flex_column_div av-zero-column-padding  '     ><section  class='av_textblock_section av-av_textblock-2de302bf1aa3cf4c9157dbe6f50ac7eb '   itemscope=\"itemscope\" itemtype=\"https:\/\/schema.org\/CreativeWork\" ><div class='avia_textblock'  itemprop=\"text\" ><ul>\n<li>Aanyo Kuzeawu est n\u00e9 en 1971 \u00e0 Fribourg-en-Brisgau. Il est all\u00e9 \u00e0 l&rsquo;\u00e9cole primaire en Rh\u00e9nanie du Nord-Westphalie, puis au lyc\u00e9e \u00e0 Lom\u00e9 (Togo\/Afrique de l&rsquo;Ouest).<\/li>\n<li>Apr\u00e8s le baccalaur\u00e9at, il a entam\u00e9 des \u00e9tudes de m\u00e9decine \u00e0 Heidelberg et \u00e0 Fribourg-en-Brisgau.<\/li>\n<li>Apr\u00e8s l&rsquo;obtention de son dipl\u00f4me, il a suivi une formation de sp\u00e9cialiste en neurochirurgie comme interne au service de st\u00e9r\u00e9otaxie du Centre m\u00e9dical universitaire de Fribourg, et en tant qu&rsquo;interne puis m\u00e9decin-chef au service de neurochirurgie g\u00e9n\u00e9rale de l&rsquo;H\u00f4pital Pasteur de Colmar.<\/li>\n<li>Il a ensuite \u00e9t\u00e9 m\u00e9decin-chef au service de neurochirurgie g\u00e9n\u00e9rale et de chirurgie du rachis interdisciplinaire de l&rsquo;h\u00f4pital\u00a0cantonal\u00a0de\u00a0Lucerne.<\/li>\n<li>Apr\u00e8s environ quatre ans au sein du \u00ab R\u00fcckenzentrum AG \u00bb en tant que m\u00e9decin agr\u00e9\u00e9, il a commenc\u00e9 son activit\u00e9 ind\u00e9pendante de chirurgien du rachis au centre de chirurgie du rachis MediSpine Bienne-Seeland avec Dr. med Rolf Busch, son confr\u00e8re de longue date.<\/li>\n<\/ul>\n<\/div><\/section><\/div>\n","protected":false},"excerpt":{"rendered":"","protected":false},"author":1,"featured_media":0,"parent":0,"menu_order":0,"comment_status":"closed","ping_status":"closed","template":"","meta":{"footnotes":""},"class_list":["post-2156","page","type-page","status-publish","hentry"],"yoast_head":"<!-- This site is optimized with the Yoast SEO plugin v27.5 - https:\/\/yoast.com\/product\/yoast-seo-wordpress\/ -->\n<title>CV Kuzeawu - Wirbels\u00e4ulenzentrum Biel-Seeland<\/title>\n<meta name=\"robots\" content=\"index, follow, max-snippet:-1, max-image-preview:large, max-video-preview:-1\" \/>\n<link rel=\"canonical\" href=\"https:\/\/www.medispine.ch\/fr\/cv-kuzeawu\/\" \/>\n<meta property=\"og:locale\" content=\"fr_FR\" \/>\n<meta property=\"og:type\" content=\"article\" \/>\n<meta property=\"og:title\" content=\"CV Kuzeawu - Wirbels\u00e4ulenzentrum Biel-Seeland\" \/>\n<meta property=\"og:url\" content=\"https:\/\/www.medispine.ch\/fr\/cv-kuzeawu\/\" \/>\n<meta property=\"og:site_name\" content=\"Wirbels\u00e4ulenzentrum Biel-Seeland\" \/>\n<meta property=\"article:modified_time\" content=\"2019-08-23T14:26:08+00:00\" \/>\n<meta name=\"twitter:card\" content=\"summary_large_image\" \/>\n<meta name=\"twitter:label1\" content=\"Dur\u00e9e de lecture estim\u00e9e\" \/>\n\t<meta name=\"twitter:data1\" content=\"3 minutes\" \/>\n<script type=\"application\/ld+json\" class=\"yoast-schema-graph\">{\"@context\":\"https:\\\/\\\/schema.org\",\"@graph\":[{\"@type\":\"WebPage\",\"@id\":\"https:\\\/\\\/www.medispine.ch\\\/fr\\\/cv-kuzeawu\\\/\",\"url\":\"https:\\\/\\\/www.medispine.ch\\\/fr\\\/cv-kuzeawu\\\/\",\"name\":\"CV Kuzeawu - Wirbels\u00e4ulenzentrum Biel-Seeland\",\"isPartOf\":{\"@id\":\"https:\\\/\\\/www.medispine.ch\\\/#website\"},\"datePublished\":\"2019-08-14T13:13:46+00:00\",\"dateModified\":\"2019-08-23T14:26:08+00:00\",\"breadcrumb\":{\"@id\":\"https:\\\/\\\/www.medispine.ch\\\/fr\\\/cv-kuzeawu\\\/#breadcrumb\"},\"inLanguage\":\"fr-FR\",\"potentialAction\":[{\"@type\":\"ReadAction\",\"target\":[\"https:\\\/\\\/www.medispine.ch\\\/fr\\\/cv-kuzeawu\\\/\"]}]},{\"@type\":\"BreadcrumbList\",\"@id\":\"https:\\\/\\\/www.medispine.ch\\\/fr\\\/cv-kuzeawu\\\/#breadcrumb\",\"itemListElement\":[{\"@type\":\"ListItem\",\"position\":1,\"name\":\"Startseite\",\"item\":\"https:\\\/\\\/www.medispine.ch\\\/fr\\\/\"},{\"@type\":\"ListItem\",\"position\":2,\"name\":\"CV Kuzeawu\"}]},{\"@type\":\"WebSite\",\"@id\":\"https:\\\/\\\/www.medispine.ch\\\/#website\",\"url\":\"https:\\\/\\\/www.medispine.ch\\\/\",\"name\":\"Wirbels\u00e4ulenzentrum Biel-Seeland\",\"description\":\"\",\"potentialAction\":[{\"@type\":\"SearchAction\",\"target\":{\"@type\":\"EntryPoint\",\"urlTemplate\":\"https:\\\/\\\/www.medispine.ch\\\/?s={search_term_string}\"},\"query-input\":{\"@type\":\"PropertyValueSpecification\",\"valueRequired\":true,\"valueName\":\"search_term_string\"}}],\"inLanguage\":\"fr-FR\"}]}<\/script>\n<!-- \/ Yoast SEO plugin. -->","yoast_head_json":{"title":"CV Kuzeawu - Wirbels\u00e4ulenzentrum Biel-Seeland","robots":{"index":"index","follow":"follow","max-snippet":"max-snippet:-1","max-image-preview":"max-image-preview:large","max-video-preview":"max-video-preview:-1"},"canonical":"https:\/\/www.medispine.ch\/fr\/cv-kuzeawu\/","og_locale":"fr_FR","og_type":"article","og_title":"CV Kuzeawu - Wirbels\u00e4ulenzentrum Biel-Seeland","og_url":"https:\/\/www.medispine.ch\/fr\/cv-kuzeawu\/","og_site_name":"Wirbels\u00e4ulenzentrum Biel-Seeland","article_modified_time":"2019-08-23T14:26:08+00:00","twitter_card":"summary_large_image","twitter_misc":{"Dur\u00e9e de lecture estim\u00e9e":"3 minutes"},"schema":{"@context":"https:\/\/schema.org","@graph":[{"@type":"WebPage","@id":"https:\/\/www.medispine.ch\/fr\/cv-kuzeawu\/","url":"https:\/\/www.medispine.ch\/fr\/cv-kuzeawu\/","name":"CV Kuzeawu - Wirbels\u00e4ulenzentrum Biel-Seeland","isPartOf":{"@id":"https:\/\/www.medispine.ch\/#website"},"datePublished":"2019-08-14T13:13:46+00:00","dateModified":"2019-08-23T14:26:08+00:00","breadcrumb":{"@id":"https:\/\/www.medispine.ch\/fr\/cv-kuzeawu\/#breadcrumb"},"inLanguage":"fr-FR","potentialAction":[{"@type":"ReadAction","target":["https:\/\/www.medispine.ch\/fr\/cv-kuzeawu\/"]}]},{"@type":"BreadcrumbList","@id":"https:\/\/www.medispine.ch\/fr\/cv-kuzeawu\/#breadcrumb","itemListElement":[{"@type":"ListItem","position":1,"name":"Startseite","item":"https:\/\/www.medispine.ch\/fr\/"},{"@type":"ListItem","position":2,"name":"CV Kuzeawu"}]},{"@type":"WebSite","@id":"https:\/\/www.medispine.ch\/#website","url":"https:\/\/www.medispine.ch\/","name":"Wirbels\u00e4ulenzentrum Biel-Seeland","description":"","potentialAction":[{"@type":"SearchAction","target":{"@type":"EntryPoint","urlTemplate":"https:\/\/www.medispine.ch\/?s={search_term_string}"},"query-input":{"@type":"PropertyValueSpecification","valueRequired":true,"valueName":"search_term_string"}}],"inLanguage":"fr-FR"}]}},"_links":{"self":[{"href":"https:\/\/www.medispine.ch\/fr\/wp-json\/wp\/v2\/pages\/2156","targetHints":{"allow":["GET"]}}],"collection":[{"href":"https:\/\/www.medispine.ch\/fr\/wp-json\/wp\/v2\/pages"}],"about":[{"href":"https:\/\/www.medispine.ch\/fr\/wp-json\/wp\/v2\/types\/page"}],"author":[{"embeddable":true,"href":"https:\/\/www.medispine.ch\/fr\/wp-json\/wp\/v2\/users\/1"}],"replies":[{"embeddable":true,"href":"https:\/\/www.medispine.ch\/fr\/wp-json\/wp\/v2\/comments?post=2156"}],"version-history":[{"count":10,"href":"https:\/\/www.medispine.ch\/fr\/wp-json\/wp\/v2\/pages\/2156\/revisions"}],"predecessor-version":[{"id":2679,"href":"https:\/\/www.medispine.ch\/fr\/wp-json\/wp\/v2\/pages\/2156\/revisions\/2679"}],"wp:attachment":[{"href":"https:\/\/www.medispine.ch\/fr\/wp-json\/wp\/v2\/media?parent=2156"}],"curies":[{"name":"wp","href":"https:\/\/api.w.org\/{rel}","templated":true}]}}