{"id":2198,"date":"2019-08-14T15:28:08","date_gmt":"2019-08-14T13:28:08","guid":{"rendered":"https:\/\/medispine.aretis-staging.ch\/?page_id=2198"},"modified":"2019-12-06T21:41:05","modified_gmt":"2019-12-06T20:41:05","slug":"le-cabinet","status":"publish","type":"page","link":"https:\/\/www.medispine.ch\/fr\/ambulance\/le-cabinet\/","title":{"rendered":"Le cabinet"},"content":{"rendered":"<div id='av_section_1'  class='avia-section av-av_section-0cc4cf217a9fc6eb860cbf287790524f main_color avia-section-huge avia-shadow  avia-builder-el-0  avia-builder-el-no-sibling  avia-bg-style-scroll container_wrap fullsize'  ><div class='container av-section-cont-open' ><main  role=\"main\" itemprop=\"mainContentOfPage\"  class='template-page content  av-content-full alpha units'><div class='post-entry post-entry-type-page post-entry-2198'><div class='entry-content-wrapper clearfix'>\n\n<style type=\"text\/css\" data-created_by=\"avia_inline_auto\" id=\"style-css-av-av_heading-1204bc38d1da9137f93b63f25f4419bd\">\n#top .av-special-heading.av-av_heading-1204bc38d1da9137f93b63f25f4419bd{\npadding-bottom:10px;\n}\nbody .av-special-heading.av-av_heading-1204bc38d1da9137f93b63f25f4419bd .av-special-heading-tag .heading-char{\nfont-size:25px;\n}\n.av-special-heading.av-av_heading-1204bc38d1da9137f93b63f25f4419bd .av-subheading{\nfont-size:26px;\n}\n<\/style>\n<div  class='av-special-heading av-av_heading-1204bc38d1da9137f93b63f25f4419bd av-special-heading-h1 blockquote modern-quote modern-centered  avia-builder-el-1  el_before_av_hr  avia-builder-el-first '><h1 class='av-special-heading-tag '  itemprop=\"headline\"  >Le cabinet<\/h1><div class='av-subheading av-subheading_below'><p>MediSpine \u2013 le Centre de chirurgie du rachis de Bienne-Seeland<\/p>\n<\/div><div class=\"special-heading-border\"><div class=\"special-heading-inner-border\"><\/div><\/div><\/div>\n<div  class='hr av-av_hr-34b6fe9e9f66a46e6d69cf6e4e15f130 hr-short  avia-builder-el-2  el_after_av_heading  el_before_av_one_half  hr-center'><span class='hr-inner '><span class=\"hr-inner-style\"><\/span><\/span><\/div>\n\n<style type=\"text\/css\" data-created_by=\"avia_inline_auto\" id=\"style-css-av-av_one_half-0ffb366b74aa6ae81eff2b1d4172b647\">\n#top .flex_column.av-av_one_half-0ffb366b74aa6ae81eff2b1d4172b647{\nmargin-top:30px;\nmargin-bottom:0px;\n}\n.flex_column.av-av_one_half-0ffb366b74aa6ae81eff2b1d4172b647{\nborder-width:1px;\nborder-style:solid;\nborder-radius:0px 0px 0px 0px;\npadding:25px 25px 25px 25px;\n}\n.responsive #top #wrap_all .flex_column.av-av_one_half-0ffb366b74aa6ae81eff2b1d4172b647{\nmargin-top:30px;\nmargin-bottom:0px;\n}\n<\/style>\n<div  class='flex_column av-av_one_half-0ffb366b74aa6ae81eff2b1d4172b647 av_one_half  avia-builder-el-3  el_after_av_hr  el_before_av_one_half  first av-break-at-tablet flex_column_div av-animated-generic pop-up  '     ><p>\n<style type=\"text\/css\" data-created_by=\"avia_inline_auto\" id=\"style-css-av-av_image-f48a0e9d5d8ee6d2b318b76f367ba9c8\">\n.avia-image-container.av-av_image-f48a0e9d5d8ee6d2b318b76f367ba9c8 img.avia_image{\nbox-shadow:none;\n}\n.avia-image-container.av-av_image-f48a0e9d5d8ee6d2b318b76f367ba9c8 .av-image-caption-overlay-center{\ncolor:#ffffff;\n}\n<\/style>\n<div  class='avia-image-container av-av_image-f48a0e9d5d8ee6d2b318b76f367ba9c8 av-styling- avia-align-center  avia-builder-el-4  el_before_av_hr  avia-builder-el-first '   itemprop=\"image\" itemscope=\"itemscope\" itemtype=\"https:\/\/schema.org\/ImageObject\" ><div class=\"avia-image-container-inner\"><div class=\"avia-image-overlay-wrap\"><img decoding=\"async\" fetchpriority=\"high\" class='wp-image-1924 avia-img-lazy-loading-not-1924 avia_image ' src=\"https:\/\/www.medispine.ch\/wp-content\/uploads\/2019\/07\/ueber-uns.jpg\" alt='' title=''  height=\"567\" width=\"850\"  itemprop=\"thumbnailUrl\" srcset=\"https:\/\/www.medispine.ch\/wp-content\/uploads\/2019\/07\/ueber-uns.jpg 850w, https:\/\/www.medispine.ch\/wp-content\/uploads\/2019\/07\/ueber-uns-500x334.jpg 500w, https:\/\/www.medispine.ch\/wp-content\/uploads\/2019\/07\/ueber-uns-768x512.jpg 768w, https:\/\/www.medispine.ch\/wp-content\/uploads\/2019\/07\/ueber-uns-705x470.jpg 705w, https:\/\/www.medispine.ch\/wp-content\/uploads\/2019\/07\/ueber-uns-450x300.jpg 450w, https:\/\/www.medispine.ch\/wp-content\/uploads\/2019\/07\/ueber-uns-300x200.jpg 300w\" sizes=\"(max-width: 850px) 100vw, 850px\" \/><\/div><\/div><\/div><br \/>\n\n<style type=\"text\/css\" data-created_by=\"avia_inline_auto\" id=\"style-css-av-av_hr-fbebcb4fe7f7f93a621d8b6783460008\">\n#top .hr.hr-invisible.av-av_hr-fbebcb4fe7f7f93a621d8b6783460008{\nheight:30px;\n}\n<\/style>\n<div  class='hr av-av_hr-fbebcb4fe7f7f93a621d8b6783460008 hr-invisible  avia-builder-el-5  el_after_av_image  el_before_av_icon_box '><span class='hr-inner '><span class=\"hr-inner-style\"><\/span><\/span><\/div><br \/>\n<article  class='iconbox iconbox_left av-av_icon_box-f28f5ba55e995963a67745753898b688  avia-builder-el-6  el_after_av_hr  el_before_av_button '  itemscope=\"itemscope\" itemtype=\"https:\/\/schema.org\/CreativeWork\" ><div class=\"iconbox_content\"><header class=\"entry-content-header\" aria-label=\"Ic\u00f4ne : Qui sommes-nous ?\"><div class='iconbox_icon heading-color avia-iconfont avia-font-entypo-fontello' data-av_icon='\ue821' data-av_iconfont='entypo-fontello'  ><\/div><h3 class='iconbox_content_title '  itemprop=\"headline\" >Qui sommes-nous ?<\/h3><\/header><div class='iconbox_content_container '  itemprop=\"text\" ><p>Vous souffrez de douleurs cervicales ou dorsales, de maux de dos inn\u00e9s ou acquis avec le temps ? Le Centre de chirurgie du rachis de Bienne vous propose des m\u00e9thodes de diagnostic, th\u00e9rapies et traitements modernes. Nos chirurgiens hautement sp\u00e9cialis\u00e9s vous conseillent avec toute leur comp\u00e9tence ax\u00e9e sur les solutions.<\/p>\n<\/div><\/div><footer class=\"entry-footer\"><\/footer><\/article><br \/>\n<div  class='avia-button-wrap av-av_button-b4c198a4542720391ecde3acb2d8fb86-wrap avia-button-left  avia-builder-el-7  el_after_av_icon_box  avia-builder-el-last '><a href='https:\/\/www.medispine.ch\/fr\/ambulance\/qui-somme-nous\/'  class='avia-button av-av_button-b4c198a4542720391ecde3acb2d8fb86 av-link-btn avia-icon_select-yes-right-icon avia-size-large avia-position-left avia-color-theme-color'   aria-label=\"En savoir plus\"><span class='avia_iconbox_title' >En savoir plus<\/span><span class='avia_button_icon avia_button_icon_right avia-iconfont avia-font-entypo-fontello' data-av_icon='\ue832' data-av_iconfont='entypo-fontello' ><\/span><\/a><\/div><\/p><\/div>\n<style type=\"text\/css\" data-created_by=\"avia_inline_auto\" id=\"style-css-av-av_one_half-2eace89d0863795cc39bb225a3f10ad0\">\n#top .flex_column.av-av_one_half-2eace89d0863795cc39bb225a3f10ad0{\nmargin-top:30px;\nmargin-bottom:0px;\n}\n.flex_column.av-av_one_half-2eace89d0863795cc39bb225a3f10ad0{\nborder-width:1px;\nborder-style:solid;\nborder-radius:0px 0px 0px 0px;\npadding:25px 25px 25px 25px;\n}\n.responsive #top #wrap_all .flex_column.av-av_one_half-2eace89d0863795cc39bb225a3f10ad0{\nmargin-top:30px;\nmargin-bottom:0px;\n}\n<\/style>\n<div  class='flex_column av-av_one_half-2eace89d0863795cc39bb225a3f10ad0 av_one_half  avia-builder-el-8  el_after_av_one_half  avia-builder-el-last  av-break-at-tablet flex_column_div av-animated-generic pop-up  '     ><p>\n<style type=\"text\/css\" data-created_by=\"avia_inline_auto\" id=\"style-css-av-av_image-420bd27600f73d6758ef2e7ce55ac02b\">\n.avia-image-container.av-av_image-420bd27600f73d6758ef2e7ce55ac02b img.avia_image{\nbox-shadow:none;\n}\n.avia-image-container.av-av_image-420bd27600f73d6758ef2e7ce55ac02b .av-image-caption-overlay-center{\ncolor:#ffffff;\n}\n<\/style>\n<div  class='avia-image-container av-av_image-420bd27600f73d6758ef2e7ce55ac02b av-styling- avia-align-center  avia-builder-el-9  el_before_av_hr  avia-builder-el-first '   itemprop=\"image\" itemscope=\"itemscope\" itemtype=\"https:\/\/schema.org\/ImageObject\" ><div class=\"avia-image-container-inner\"><div class=\"avia-image-overlay-wrap\"><img decoding=\"async\" fetchpriority=\"high\" class='wp-image-1925 avia-img-lazy-loading-not-1925 avia_image ' src=\"https:\/\/www.medispine.ch\/wp-content\/uploads\/2019\/07\/team-500x334.jpg\" alt='' title=''  height=\"200\" width=\"300\"  itemprop=\"thumbnailUrl\" srcset=\"https:\/\/www.medispine.ch\/wp-content\/uploads\/2019\/07\/team-500x334.jpg 500w, https:\/\/www.medispine.ch\/wp-content\/uploads\/2019\/07\/team-768x512.jpg 768w, https:\/\/www.medispine.ch\/wp-content\/uploads\/2019\/07\/team-845x567.jpg 845w, https:\/\/www.medispine.ch\/wp-content\/uploads\/2019\/07\/team-705x470.jpg 705w, https:\/\/www.medispine.ch\/wp-content\/uploads\/2019\/07\/team-450x300.jpg 450w, https:\/\/www.medispine.ch\/wp-content\/uploads\/2019\/07\/team-300x200.jpg 300w, https:\/\/www.medispine.ch\/wp-content\/uploads\/2019\/07\/team.jpg 850w\" sizes=\"(max-width: 300px) 100vw, 300px\" \/><\/div><\/div><\/div><br \/>\n\n<style type=\"text\/css\" data-created_by=\"avia_inline_auto\" id=\"style-css-av-av_hr-fbebcb4fe7f7f93a621d8b6783460008\">\n#top .hr.hr-invisible.av-av_hr-fbebcb4fe7f7f93a621d8b6783460008{\nheight:30px;\n}\n<\/style>\n<div  class='hr av-av_hr-fbebcb4fe7f7f93a621d8b6783460008 hr-invisible  avia-builder-el-10  el_after_av_image  el_before_av_icon_box '><span class='hr-inner '><span class=\"hr-inner-style\"><\/span><\/span><\/div><br \/>\n<article  class='iconbox iconbox_left av-av_icon_box-9461ce082a702138a035c1786bbe5fa0  avia-builder-el-11  el_after_av_hr  el_before_av_button '  itemscope=\"itemscope\" itemtype=\"https:\/\/schema.org\/CreativeWork\" ><div class=\"iconbox_content\"><header class=\"entry-content-header\" aria-label=\"Ic\u00f4ne : \u00c9quipe\"><div class='iconbox_icon heading-color avia-iconfont avia-font-entypo-fontello' data-av_icon='\ue80b' data-av_iconfont='entypo-fontello'  ><\/div><h3 class='iconbox_content_title '  itemprop=\"headline\" >\u00c9quipe<\/h3><\/header><div class='iconbox_content_container '  itemprop=\"text\" ><p>Le Centre de chirurgie du rachis de Bienne est compos\u00e9 de sp\u00e9cialistes de la colonne vert\u00e9brale qui diagnostiquent et traitent toutes sortes de douleurs au dos et \u00e0 la colonne vert\u00e9brale chez les patients. Notre \u00e9quipe est constitu\u00e9e de chirurgiens du rachis avec une longue exp\u00e9rience qu&rsquo;ils transmettent \u00e0 nos patients.<\/p>\n<\/div><\/div><footer class=\"entry-footer\"><\/footer><\/article><br \/>\n<div  class='avia-button-wrap av-av_button-af0b4301e44ae89b7a80c41115c9c93d-wrap avia-button-left  avia-builder-el-12  el_after_av_icon_box  avia-builder-el-last '><a href='https:\/\/www.medispine.ch\/fr\/ambulance\/equipe\/'  class='avia-button av-av_button-af0b4301e44ae89b7a80c41115c9c93d av-link-btn avia-icon_select-yes-right-icon avia-size-large avia-position-left avia-color-theme-color'   aria-label=\"En savoir plus\"><span class='avia_iconbox_title' >En savoir plus<\/span><span class='avia_button_icon avia_button_icon_right avia-iconfont avia-font-entypo-fontello' data-av_icon='\ue832' data-av_iconfont='entypo-fontello' ><\/span><\/a><\/div><\/p><\/div>\n","protected":false},"excerpt":{"rendered":"","protected":false},"author":1,"featured_media":0,"parent":2197,"menu_order":0,"comment_status":"closed","ping_status":"closed","template":"","meta":{"footnotes":""},"class_list":["post-2198","page","type-page","status-publish","hentry"],"yoast_head":"<!-- This site is optimized with the Yoast SEO plugin v27.5 - https:\/\/yoast.com\/product\/yoast-seo-wordpress\/ -->\n<title>Le Centre de chirurgie du rachis de Bienne : le cabinet et l\u2019\u00e9quipe<\/title>\n<meta name=\"description\" content=\"Le Centre de chirurgie du rachis de Bienne : nous vous pr\u00e9sentons le cabinet et notre \u00e9quipe hautement qualifi\u00e9e.\" \/>\n<meta name=\"robots\" content=\"index, follow, max-snippet:-1, max-image-preview:large, max-video-preview:-1\" \/>\n<link rel=\"canonical\" href=\"https:\/\/www.medispine.ch\/fr\/ambulance\/le-cabinet\/\" \/>\n<meta property=\"og:locale\" content=\"fr_FR\" \/>\n<meta property=\"og:type\" content=\"article\" \/>\n<meta property=\"og:title\" content=\"Le Centre de chirurgie du rachis de Bienne : le cabinet et l\u2019\u00e9quipe\" \/>\n<meta property=\"og:description\" content=\"Le Centre de chirurgie du rachis de Bienne : nous vous pr\u00e9sentons le cabinet et notre \u00e9quipe hautement qualifi\u00e9e.\" \/>\n<meta property=\"og:url\" content=\"https:\/\/www.medispine.ch\/fr\/ambulance\/le-cabinet\/\" \/>\n<meta property=\"og:site_name\" content=\"Wirbels\u00e4ulenzentrum Biel-Seeland\" \/>\n<meta property=\"article:modified_time\" content=\"2019-12-06T20:41:05+00:00\" \/>\n<meta name=\"twitter:card\" content=\"summary_large_image\" \/>\n<meta name=\"twitter:label1\" content=\"Dur\u00e9e de lecture estim\u00e9e\" \/>\n\t<meta name=\"twitter:data1\" content=\"4 minutes\" \/>\n<script type=\"application\/ld+json\" class=\"yoast-schema-graph\">{\"@context\":\"https:\\\/\\\/schema.org\",\"@graph\":[{\"@type\":\"WebPage\",\"@id\":\"https:\\\/\\\/www.medispine.ch\\\/fr\\\/ambulance\\\/le-cabinet\\\/\",\"url\":\"https:\\\/\\\/www.medispine.ch\\\/fr\\\/ambulance\\\/le-cabinet\\\/\",\"name\":\"Le Centre de chirurgie du rachis de Bienne : le cabinet et l\u2019\u00e9quipe\",\"isPartOf\":{\"@id\":\"https:\\\/\\\/www.medispine.ch\\\/#website\"},\"datePublished\":\"2019-08-14T13:28:08+00:00\",\"dateModified\":\"2019-12-06T20:41:05+00:00\",\"description\":\"Le Centre de chirurgie du rachis de Bienne : nous vous pr\u00e9sentons le cabinet et notre \u00e9quipe hautement qualifi\u00e9e.\",\"breadcrumb\":{\"@id\":\"https:\\\/\\\/www.medispine.ch\\\/fr\\\/ambulance\\\/le-cabinet\\\/#breadcrumb\"},\"inLanguage\":\"fr-FR\",\"potentialAction\":[{\"@type\":\"ReadAction\",\"target\":[\"https:\\\/\\\/www.medispine.ch\\\/fr\\\/ambulance\\\/le-cabinet\\\/\"]}]},{\"@type\":\"BreadcrumbList\",\"@id\":\"https:\\\/\\\/www.medispine.ch\\\/fr\\\/ambulance\\\/le-cabinet\\\/#breadcrumb\",\"itemListElement\":[{\"@type\":\"ListItem\",\"position\":1,\"name\":\"Startseite\",\"item\":\"https:\\\/\\\/www.medispine.ch\\\/fr\\\/\"},{\"@type\":\"ListItem\",\"position\":2,\"name\":\"Le cabinet\",\"item\":\"https:\\\/\\\/www.medispine.ch\\\/fr\\\/ambulance\\\/\"},{\"@type\":\"ListItem\",\"position\":3,\"name\":\"Le cabinet\"}]},{\"@type\":\"WebSite\",\"@id\":\"https:\\\/\\\/www.medispine.ch\\\/#website\",\"url\":\"https:\\\/\\\/www.medispine.ch\\\/\",\"name\":\"Wirbels\u00e4ulenzentrum Biel-Seeland\",\"description\":\"\",\"potentialAction\":[{\"@type\":\"SearchAction\",\"target\":{\"@type\":\"EntryPoint\",\"urlTemplate\":\"https:\\\/\\\/www.medispine.ch\\\/?s={search_term_string}\"},\"query-input\":{\"@type\":\"PropertyValueSpecification\",\"valueRequired\":true,\"valueName\":\"search_term_string\"}}],\"inLanguage\":\"fr-FR\"}]}<\/script>\n<!-- \/ Yoast SEO plugin. -->","yoast_head_json":{"title":"Le Centre de chirurgie du rachis de Bienne : le cabinet et l\u2019\u00e9quipe","description":"Le Centre de chirurgie du rachis de Bienne : nous vous pr\u00e9sentons le cabinet et notre \u00e9quipe hautement qualifi\u00e9e.","robots":{"index":"index","follow":"follow","max-snippet":"max-snippet:-1","max-image-preview":"max-image-preview:large","max-video-preview":"max-video-preview:-1"},"canonical":"https:\/\/www.medispine.ch\/fr\/ambulance\/le-cabinet\/","og_locale":"fr_FR","og_type":"article","og_title":"Le Centre de chirurgie du rachis de Bienne : le cabinet et l\u2019\u00e9quipe","og_description":"Le Centre de chirurgie du rachis de Bienne : nous vous pr\u00e9sentons le cabinet et notre \u00e9quipe hautement qualifi\u00e9e.","og_url":"https:\/\/www.medispine.ch\/fr\/ambulance\/le-cabinet\/","og_site_name":"Wirbels\u00e4ulenzentrum Biel-Seeland","article_modified_time":"2019-12-06T20:41:05+00:00","twitter_card":"summary_large_image","twitter_misc":{"Dur\u00e9e de lecture estim\u00e9e":"4 minutes"},"schema":{"@context":"https:\/\/schema.org","@graph":[{"@type":"WebPage","@id":"https:\/\/www.medispine.ch\/fr\/ambulance\/le-cabinet\/","url":"https:\/\/www.medispine.ch\/fr\/ambulance\/le-cabinet\/","name":"Le Centre de chirurgie du rachis de Bienne : le cabinet et l\u2019\u00e9quipe","isPartOf":{"@id":"https:\/\/www.medispine.ch\/#website"},"datePublished":"2019-08-14T13:28:08+00:00","dateModified":"2019-12-06T20:41:05+00:00","description":"Le Centre de chirurgie du rachis de Bienne : nous vous pr\u00e9sentons le cabinet et notre \u00e9quipe hautement qualifi\u00e9e.","breadcrumb":{"@id":"https:\/\/www.medispine.ch\/fr\/ambulance\/le-cabinet\/#breadcrumb"},"inLanguage":"fr-FR","potentialAction":[{"@type":"ReadAction","target":["https:\/\/www.medispine.ch\/fr\/ambulance\/le-cabinet\/"]}]},{"@type":"BreadcrumbList","@id":"https:\/\/www.medispine.ch\/fr\/ambulance\/le-cabinet\/#breadcrumb","itemListElement":[{"@type":"ListItem","position":1,"name":"Startseite","item":"https:\/\/www.medispine.ch\/fr\/"},{"@type":"ListItem","position":2,"name":"Le cabinet","item":"https:\/\/www.medispine.ch\/fr\/ambulance\/"},{"@type":"ListItem","position":3,"name":"Le cabinet"}]},{"@type":"WebSite","@id":"https:\/\/www.medispine.ch\/#website","url":"https:\/\/www.medispine.ch\/","name":"Wirbels\u00e4ulenzentrum Biel-Seeland","description":"","potentialAction":[{"@type":"SearchAction","target":{"@type":"EntryPoint","urlTemplate":"https:\/\/www.medispine.ch\/?s={search_term_string}"},"query-input":{"@type":"PropertyValueSpecification","valueRequired":true,"valueName":"search_term_string"}}],"inLanguage":"fr-FR"}]}},"_links":{"self":[{"href":"https:\/\/www.medispine.ch\/fr\/wp-json\/wp\/v2\/pages\/2198","targetHints":{"allow":["GET"]}}],"collection":[{"href":"https:\/\/www.medispine.ch\/fr\/wp-json\/wp\/v2\/pages"}],"about":[{"href":"https:\/\/www.medispine.ch\/fr\/wp-json\/wp\/v2\/types\/page"}],"author":[{"embeddable":true,"href":"https:\/\/www.medispine.ch\/fr\/wp-json\/wp\/v2\/users\/1"}],"replies":[{"embeddable":true,"href":"https:\/\/www.medispine.ch\/fr\/wp-json\/wp\/v2\/comments?post=2198"}],"version-history":[{"count":5,"href":"https:\/\/www.medispine.ch\/fr\/wp-json\/wp\/v2\/pages\/2198\/revisions"}],"predecessor-version":[{"id":3304,"href":"https:\/\/www.medispine.ch\/fr\/wp-json\/wp\/v2\/pages\/2198\/revisions\/3304"}],"up":[{"embeddable":true,"href":"https:\/\/www.medispine.ch\/fr\/wp-json\/wp\/v2\/pages\/2197"}],"wp:attachment":[{"href":"https:\/\/www.medispine.ch\/fr\/wp-json\/wp\/v2\/media?parent=2198"}],"curies":[{"name":"wp","href":"https:\/\/api.w.org\/{rel}","templated":true}]}}