{"id":2202,"date":"2019-08-14T15:28:13","date_gmt":"2019-08-14T13:28:13","guid":{"rendered":"https:\/\/medispine.aretis-staging.ch\/?page_id=2202"},"modified":"2021-02-01T13:02:07","modified_gmt":"2021-02-01T12:02:07","slug":"impressum","status":"publish","type":"page","link":"https:\/\/www.medispine.ch\/fr\/impressum\/","title":{"rendered":"Mentions l\u00e9gales"},"content":{"rendered":"<div id='av_section_1'  class='avia-section av-av_section-22959a1db1e590e4999db963e93f245c main_color avia-section-huge avia-no-border-styling  avia-builder-el-0  avia-builder-el-no-sibling  avia-bg-style-scroll container_wrap fullsize'  ><div class='container av-section-cont-open' ><main  role=\"main\" itemprop=\"mainContentOfPage\"  class='template-page content  av-content-full alpha units'><div class='post-entry post-entry-type-page post-entry-2202'><div class='entry-content-wrapper clearfix'>\n\n<style type=\"text\/css\" data-created_by=\"avia_inline_auto\" id=\"style-css-av-av_heading-0561f3a83cbd8b6cf877c298a626b74b\">\n#top .av-special-heading.av-av_heading-0561f3a83cbd8b6cf877c298a626b74b{\npadding-bottom:10px;\n}\nbody .av-special-heading.av-av_heading-0561f3a83cbd8b6cf877c298a626b74b .av-special-heading-tag .heading-char{\nfont-size:25px;\n}\n.av-special-heading.av-av_heading-0561f3a83cbd8b6cf877c298a626b74b .av-subheading{\nfont-size:26px;\n}\n<\/style>\n<div  class='av-special-heading av-av_heading-0561f3a83cbd8b6cf877c298a626b74b av-special-heading-h1 blockquote modern-quote modern-centered  avia-builder-el-1  el_before_av_hr  avia-builder-el-first '><h1 class='av-special-heading-tag '  itemprop=\"headline\"  >Mentions l\u00e9gales<\/h1><div class='av-subheading av-subheading_below'><p>MediSpine &#8211; Centre de chirurgie du rachis de Bienne-Seeland<\/p>\n<\/div><div class=\"special-heading-border\"><div class=\"special-heading-inner-border\"><\/div><\/div><\/div>\n<div  class='hr av-av_hr-34b6fe9e9f66a46e6d69cf6e4e15f130 hr-short  avia-builder-el-2  el_after_av_heading  el_before_av_one_full  hr-center'><span class='hr-inner '><span class=\"hr-inner-style\"><\/span><\/span><\/div>\n\n<style type=\"text\/css\" data-created_by=\"avia_inline_auto\" id=\"style-css-av-av_one_full-3b9a79376b0c0ab9f63816fe44e0a8b5\">\n#top .flex_column.av-av_one_full-3b9a79376b0c0ab9f63816fe44e0a8b5{\nmargin-top:30px;\nmargin-bottom:0px;\n}\n.flex_column.av-av_one_full-3b9a79376b0c0ab9f63816fe44e0a8b5{\nborder-radius:0px 0px 0px 0px;\npadding:0px 0px 0px 0px;\n}\n.responsive #top #wrap_all .flex_column.av-av_one_full-3b9a79376b0c0ab9f63816fe44e0a8b5{\nmargin-top:30px;\nmargin-bottom:0px;\n}\n<\/style>\n<div  class='flex_column av-av_one_full-3b9a79376b0c0ab9f63816fe44e0a8b5 av_one_full  avia-builder-el-3  el_after_av_hr  avia-builder-el-last  first flex_column_div av-animated-generic fade-in av-zero-column-padding  '     ><section  class='av_textblock_section av-kkmiwbdp-37af495bf75e47f039acdc44b0886e8f '   itemscope=\"itemscope\" itemtype=\"https:\/\/schema.org\/CreativeWork\" ><div class='avia_textblock'  itemprop=\"text\" ><div><\/div>\n<div><\/div>\n<div><\/div>\n<div class=\"impressum\">\n<h3>Adresse de contact<\/h3>\n<p>MediSpine &#8211; Centre du Rachis Bienne-Seeland<br \/>\nQuai du Haut 20-22, CH 2503 Bienne<\/p>\n<div class=\"textwidget\">\n<p>T\u00e9l. : 032 322 08 87<\/p>\n<hr \/>\n<\/div>\n<\/div>\n<div><\/div>\n<div class=\"impressum\">\n<h3>Repr\u00e9sentants mandat\u00e9s<\/h3>\n<p>Aanyo Kuzeawu<br \/>\nRolf Busch<\/p>\n<hr \/>\n<h3>Num\u00e9ro d&rsquo;identification d&rsquo;entreprise IDE<\/h3>\n<p>CHE-160.650.225<\/p>\n<div class=\"impressum\">\n<hr \/>\n<\/div>\n<h3>Exclusion de responsabilit\u00e9<\/h3>\n<p>L&rsquo;auteur n&rsquo;assume aucune responsabilit\u00e9 quant \u00e0 l&rsquo;exactitude, la pr\u00e9cision, l&rsquo;actualit\u00e9, la fiabilit\u00e9 et l&rsquo;exhaustivit\u00e9 des informations.<\/p>\n<p>Les demandes d&rsquo;indemnit\u00e9s adress\u00e9es \u00e0 l&rsquo;auteur relatives \u00e0 des dommages mat\u00e9riels ou immat\u00e9riels via une utilisation abusive de la connexion ou de d\u00e9faillances techniques, et r\u00e9sultant de l&rsquo;acc\u00e8s ou de l&rsquo;utilisation ou de la non utilisation des informations publi\u00e9es, sont exclues.<\/p>\n<p>Toutes les offres sont sans engagement. L&rsquo;auteur se r\u00e9serve express\u00e9ment le droit de modifier, de compl\u00e9ter, de supprimer ou de suspendre temporairement ou d\u00e9finitivement la publication de parties des pages ou de l&rsquo;offre compl\u00e8te sans annonce particuli\u00e8re.<\/p>\n<hr \/>\n<h3>Responsabilit\u00e9 vis-\u00e0-vis des liens<\/h3>\n<p>Les renvois et liens vers des sites tiers sont hors de notre domaine de responsabilit\u00e9. Nous rejetons toute responsabilit\u00e9 vis-\u00e0-vis de ces sites Internet. L&rsquo;acc\u00e8s \u00e0 et l&rsquo;utilisation de tels sites se font aux risques et p\u00e9rils de l&rsquo;utilisateur.<\/p>\n<hr \/>\n<h3>Droits d&rsquo;auteur<\/h3>\n<p>Les droits d&rsquo;auteur et tous les autres droits concernant des contenus, images, photos ou autres fichiers sur le site Internet sont la propri\u00e9t\u00e9 exclusive du <strong>Centre de chirurgie du rachis de Bienne-Seeland<\/strong> ou des d\u00e9tenteurs des droits sp\u00e9cifiquement nomm\u00e9s. La reproduction de tout \u00e9l\u00e9ment est soumise \u00e0 l&rsquo;accord \u00e9crit des d\u00e9tenteurs des droits.<\/p>\n<hr \/>\n<h3>Protection des donn\u00e9es<\/h3>\n<p>Le Centre de chirurgie du rachis de Bienne-Seeland respecte la loi actuelle sur la protection des donn\u00e9es. Veuillez noter sur ce point notre <a href=\"https:\/\/www.medispine.ch\/fr\/datenschutzerklaerung\/\">Politique de confidentialit\u00e9 -&gt;<\/a><\/p>\n<\/div>\n<\/div><\/section><\/div>\n","protected":false},"excerpt":{"rendered":"","protected":false},"author":1,"featured_media":0,"parent":0,"menu_order":5,"comment_status":"closed","ping_status":"closed","template":"","meta":{"footnotes":""},"class_list":["post-2202","page","type-page","status-publish","hentry"],"yoast_head":"<!-- This site is optimized with the Yoast SEO plugin v27.6 - https:\/\/yoast.com\/product\/yoast-seo-wordpress\/ -->\n<title>Mentions l\u00e9gales - Wirbels\u00e4ulenzentrum Biel-Seeland<\/title>\n<meta name=\"robots\" content=\"index, follow, max-snippet:-1, max-image-preview:large, max-video-preview:-1\" \/>\n<link rel=\"canonical\" href=\"https:\/\/www.medispine.ch\/fr\/impressum\/\" \/>\n<meta property=\"og:locale\" content=\"fr_FR\" \/>\n<meta property=\"og:type\" content=\"article\" \/>\n<meta property=\"og:title\" content=\"Mentions l\u00e9gales - Wirbels\u00e4ulenzentrum Biel-Seeland\" \/>\n<meta property=\"og:url\" content=\"https:\/\/www.medispine.ch\/fr\/impressum\/\" \/>\n<meta property=\"og:site_name\" content=\"Wirbels\u00e4ulenzentrum Biel-Seeland\" \/>\n<meta property=\"article:modified_time\" content=\"2021-02-01T12:02:07+00:00\" \/>\n<meta name=\"twitter:card\" content=\"summary_large_image\" \/>\n<meta name=\"twitter:label1\" content=\"Dur\u00e9e de lecture estim\u00e9e\" \/>\n\t<meta name=\"twitter:data1\" content=\"3 minutes\" \/>\n<script type=\"application\/ld+json\" class=\"yoast-schema-graph\">{\"@context\":\"https:\\\/\\\/schema.org\",\"@graph\":[{\"@type\":\"WebPage\",\"@id\":\"https:\\\/\\\/www.medispine.ch\\\/fr\\\/impressum\\\/\",\"url\":\"https:\\\/\\\/www.medispine.ch\\\/fr\\\/impressum\\\/\",\"name\":\"Mentions l\u00e9gales - Wirbels\u00e4ulenzentrum Biel-Seeland\",\"isPartOf\":{\"@id\":\"https:\\\/\\\/www.medispine.ch\\\/#website\"},\"datePublished\":\"2019-08-14T13:28:13+00:00\",\"dateModified\":\"2021-02-01T12:02:07+00:00\",\"breadcrumb\":{\"@id\":\"https:\\\/\\\/www.medispine.ch\\\/fr\\\/impressum\\\/#breadcrumb\"},\"inLanguage\":\"fr-FR\",\"potentialAction\":[{\"@type\":\"ReadAction\",\"target\":[\"https:\\\/\\\/www.medispine.ch\\\/fr\\\/impressum\\\/\"]}]},{\"@type\":\"BreadcrumbList\",\"@id\":\"https:\\\/\\\/www.medispine.ch\\\/fr\\\/impressum\\\/#breadcrumb\",\"itemListElement\":[{\"@type\":\"ListItem\",\"position\":1,\"name\":\"Startseite\",\"item\":\"https:\\\/\\\/www.medispine.ch\\\/fr\\\/\"},{\"@type\":\"ListItem\",\"position\":2,\"name\":\"Mentions l\u00e9gales\"}]},{\"@type\":\"WebSite\",\"@id\":\"https:\\\/\\\/www.medispine.ch\\\/#website\",\"url\":\"https:\\\/\\\/www.medispine.ch\\\/\",\"name\":\"Wirbels\u00e4ulenzentrum Biel-Seeland\",\"description\":\"\",\"potentialAction\":[{\"@type\":\"SearchAction\",\"target\":{\"@type\":\"EntryPoint\",\"urlTemplate\":\"https:\\\/\\\/www.medispine.ch\\\/?s={search_term_string}\"},\"query-input\":{\"@type\":\"PropertyValueSpecification\",\"valueRequired\":true,\"valueName\":\"search_term_string\"}}],\"inLanguage\":\"fr-FR\"}]}<\/script>\n<!-- \/ Yoast SEO plugin. -->","yoast_head_json":{"title":"Mentions l\u00e9gales - Wirbels\u00e4ulenzentrum Biel-Seeland","robots":{"index":"index","follow":"follow","max-snippet":"max-snippet:-1","max-image-preview":"max-image-preview:large","max-video-preview":"max-video-preview:-1"},"canonical":"https:\/\/www.medispine.ch\/fr\/impressum\/","og_locale":"fr_FR","og_type":"article","og_title":"Mentions l\u00e9gales - Wirbels\u00e4ulenzentrum Biel-Seeland","og_url":"https:\/\/www.medispine.ch\/fr\/impressum\/","og_site_name":"Wirbels\u00e4ulenzentrum Biel-Seeland","article_modified_time":"2021-02-01T12:02:07+00:00","twitter_card":"summary_large_image","twitter_misc":{"Dur\u00e9e de lecture estim\u00e9e":"3 minutes"},"schema":{"@context":"https:\/\/schema.org","@graph":[{"@type":"WebPage","@id":"https:\/\/www.medispine.ch\/fr\/impressum\/","url":"https:\/\/www.medispine.ch\/fr\/impressum\/","name":"Mentions l\u00e9gales - Wirbels\u00e4ulenzentrum Biel-Seeland","isPartOf":{"@id":"https:\/\/www.medispine.ch\/#website"},"datePublished":"2019-08-14T13:28:13+00:00","dateModified":"2021-02-01T12:02:07+00:00","breadcrumb":{"@id":"https:\/\/www.medispine.ch\/fr\/impressum\/#breadcrumb"},"inLanguage":"fr-FR","potentialAction":[{"@type":"ReadAction","target":["https:\/\/www.medispine.ch\/fr\/impressum\/"]}]},{"@type":"BreadcrumbList","@id":"https:\/\/www.medispine.ch\/fr\/impressum\/#breadcrumb","itemListElement":[{"@type":"ListItem","position":1,"name":"Startseite","item":"https:\/\/www.medispine.ch\/fr\/"},{"@type":"ListItem","position":2,"name":"Mentions l\u00e9gales"}]},{"@type":"WebSite","@id":"https:\/\/www.medispine.ch\/#website","url":"https:\/\/www.medispine.ch\/","name":"Wirbels\u00e4ulenzentrum Biel-Seeland","description":"","potentialAction":[{"@type":"SearchAction","target":{"@type":"EntryPoint","urlTemplate":"https:\/\/www.medispine.ch\/?s={search_term_string}"},"query-input":{"@type":"PropertyValueSpecification","valueRequired":true,"valueName":"search_term_string"}}],"inLanguage":"fr-FR"}]}},"_links":{"self":[{"href":"https:\/\/www.medispine.ch\/fr\/wp-json\/wp\/v2\/pages\/2202","targetHints":{"allow":["GET"]}}],"collection":[{"href":"https:\/\/www.medispine.ch\/fr\/wp-json\/wp\/v2\/pages"}],"about":[{"href":"https:\/\/www.medispine.ch\/fr\/wp-json\/wp\/v2\/types\/page"}],"author":[{"embeddable":true,"href":"https:\/\/www.medispine.ch\/fr\/wp-json\/wp\/v2\/users\/1"}],"replies":[{"embeddable":true,"href":"https:\/\/www.medispine.ch\/fr\/wp-json\/wp\/v2\/comments?post=2202"}],"version-history":[{"count":7,"href":"https:\/\/www.medispine.ch\/fr\/wp-json\/wp\/v2\/pages\/2202\/revisions"}],"predecessor-version":[{"id":3506,"href":"https:\/\/www.medispine.ch\/fr\/wp-json\/wp\/v2\/pages\/2202\/revisions\/3506"}],"wp:attachment":[{"href":"https:\/\/www.medispine.ch\/fr\/wp-json\/wp\/v2\/media?parent=2202"}],"curies":[{"name":"wp","href":"https:\/\/api.w.org\/{rel}","templated":true}]}}