{"id":2203,"date":"2019-08-14T15:28:14","date_gmt":"2019-08-14T13:28:14","guid":{"rendered":"https:\/\/medispine.aretis-staging.ch\/?page_id=2203"},"modified":"2021-02-01T13:00:00","modified_gmt":"2021-02-01T12:00:00","slug":"declaration-de-confidentialite","status":"publish","type":"page","link":"https:\/\/www.medispine.ch\/fr\/declaration-de-confidentialite\/","title":{"rendered":"D\u00e9claration de confidentialit\u00e9"},"content":{"rendered":"<div id='av_section_1'  class='avia-section av-av_section-22959a1db1e590e4999db963e93f245c main_color avia-section-huge avia-no-border-styling  avia-builder-el-0  avia-builder-el-no-sibling  avia-bg-style-scroll container_wrap fullsize'  ><div class='container av-section-cont-open' ><main  role=\"main\" itemprop=\"mainContentOfPage\"  class='template-page content  av-content-full alpha units'><div class='post-entry post-entry-type-page post-entry-2203'><div class='entry-content-wrapper clearfix'>\n\n<style type=\"text\/css\" data-created_by=\"avia_inline_auto\" id=\"style-css-av-av_heading-1f63f71ece8ce871ce019213cfdbc624\">\n#top .av-special-heading.av-av_heading-1f63f71ece8ce871ce019213cfdbc624{\npadding-bottom:10px;\n}\nbody .av-special-heading.av-av_heading-1f63f71ece8ce871ce019213cfdbc624 .av-special-heading-tag .heading-char{\nfont-size:25px;\n}\n.av-special-heading.av-av_heading-1f63f71ece8ce871ce019213cfdbc624 .av-subheading{\nfont-size:26px;\n}\n<\/style>\n<div  class='av-special-heading av-av_heading-1f63f71ece8ce871ce019213cfdbc624 av-special-heading-h1 blockquote modern-quote modern-centered  avia-builder-el-1  el_before_av_hr  avia-builder-el-first '><h1 class='av-special-heading-tag '  itemprop=\"headline\"  >Protection des donn\u00e9es<\/h1><div class='av-subheading av-subheading_below'><p>MediSpine &#8211; Centre de chirurgie du rachis de Bienne-Seeland<\/p>\n<\/div><div class=\"special-heading-border\"><div class=\"special-heading-inner-border\"><\/div><\/div><\/div>\n<div  class='hr av-av_hr-34b6fe9e9f66a46e6d69cf6e4e15f130 hr-short  avia-builder-el-2  el_after_av_heading  el_before_av_one_half  hr-center'><span class='hr-inner '><span class=\"hr-inner-style\"><\/span><\/span><\/div>\n\n<style type=\"text\/css\" data-created_by=\"avia_inline_auto\" id=\"style-css-av-av_one_half-cf1614e71c16ffd3efb0c88b07077366\">\n#top .flex_column.av-av_one_half-cf1614e71c16ffd3efb0c88b07077366{\nmargin-top:30px;\nmargin-bottom:0px;\n}\n.flex_column.av-av_one_half-cf1614e71c16ffd3efb0c88b07077366{\nborder-width:1px;\nborder-style:solid;\nborder-radius:0px 0px 0px 0px;\npadding:20px 20px 20px 20px;\nbackground-color:#f8f8f8;\n}\n.responsive #top #wrap_all .flex_column.av-av_one_half-cf1614e71c16ffd3efb0c88b07077366{\nmargin-top:30px;\nmargin-bottom:0px;\n}\n<\/style>\n<div  class='flex_column av-av_one_half-cf1614e71c16ffd3efb0c88b07077366 av_one_half  avia-builder-el-3  el_after_av_hr  el_before_av_one_half  first flex_column_div av-animated-generic fade-in  '     ><section  class='av_textblock_section av-kkmitl15-f875821be77f043ba82e67501c48bd7a '   itemscope=\"itemscope\" itemtype=\"https:\/\/schema.org\/CreativeWork\" ><div class='avia_textblock'  itemprop=\"text\" ><h3>Responsables<\/h3>\n<p>Aanyo Kuzeawu, Quai du Haut 20-22, CH 2503 Bienne<\/p>\n<p>Rolf Busch, Quai du Haut 20-22, CH 2503 Bienne<\/p>\n<hr \/>\n<h3>Protection de votre vie priv\u00e9e<\/h3>\n<p>Les donn\u00e9es personnelles sont trait\u00e9es de mani\u00e8re strictement confidentielle et ne sont ni vendues ni transmises \u00e0 un tiers. Toute personne a droit \u00e0 la protection de sa vie priv\u00e9e et \u00e0 celle vis-\u00e0-vis de toute utilisation abusive de ses donn\u00e9es personnelles, conform\u00e9ment \u00e0 l&rsquo;article 13 de la constitution f\u00e9d\u00e9rale\u00a0suisse et des dispositions de la Conf\u00e9d\u00e9ration en mati\u00e8re de protection des donn\u00e9es (Loi sur la protection des donn\u00e9es, LPD). Nous respectons ces dispositions.<\/p>\n<p>En collaboration \u00e9troite avec nos h\u00e9bergeurs, nous nous effor\u00e7ons de prot\u00e9ger au mieux les bases de donn\u00e9es contre d&rsquo;\u00e9ventuels acc\u00e8s non autoris\u00e9s, pertes, utilisations abusives ou falsifications.<\/p>\n<hr \/>\n<h3>Cryptage SSL<\/h3>\n<p>Pour garantir la s\u00e9curit\u00e9 de vos donn\u00e9es lors du transfert, nous utilisons le proc\u00e9d\u00e9 de cryptage \u00e0 jour SSL via HTTPS<\/p>\n<hr \/>\n<h3>Traitement automatique des donn\u00e9es sur le pr\u00e9sent site Internet<\/h3>\n<p>Si vous consultez nos sites Internet,\u00a0 nos \u00ab fichiers journaux du serveur \u00bb enregistrent automatiquement des informations que votre navigateur nous transmet. Ce sont :<\/p>\n<ul>\n<li>type\/version de navigateur<\/li>\n<li>syst\u00e8me d&rsquo;exploitation utilis\u00e9<\/li>\n<li>URL de r\u00e9f\u00e9rence (site visit\u00e9 juste avant)<\/li>\n<li>nom d&rsquo;h\u00f4te de l&rsquo;ordinateur utilis\u00e9 (adresse IP)<\/li>\n<li>heure de la requ\u00eate du serveur.<\/li>\n<\/ul>\n<p>Ces donn\u00e9es d&rsquo;utilisation constituent la base pour des analyses statistiques et anonymes permettant d&rsquo;identifier des tendances en vue de l&rsquo;am\u00e9lioration de nos offres.<\/p>\n<hr \/>\n<h3>Types de donn\u00e9es trait\u00e9es<\/h3>\n<ul>\n<li>Donn\u00e9es de base\u00a0 (par ex. noms, adresses).<\/li>\n<li>Coordonn\u00e9es (par ex. e-mails, num\u00e9ros de t\u00e9l\u00e9phone).<\/li>\n<li>Donn\u00e9es de contenu (par ex. saisies de textes, photographies, vid\u00e9os).<\/li>\n<li>Donn\u00e9es d&rsquo;utilisation (par ex. sites Web visit\u00e9s, int\u00e9r\u00eats pour des contenus, heures de consultation).<\/li>\n<li>M\u00e9tadonn\u00e9es\/donn\u00e9es de communication (par ex. informations sur l&rsquo;appareil, adresses IP).<\/li>\n<\/ul>\n<hr \/>\n<h3>Finalit\u00e9 du traitement<\/h3>\n<ul>\n<li>Mise \u00e0 disposition de l&rsquo;offre en ligne, de ses fonctions et contenus<\/li>\n<li>R\u00e9ponse aux demandes de contact et communication avec des utilisateurs<\/li>\n<li>Mesures de s\u00e9curit\u00e9<\/li>\n<li>Mesure d&rsquo;audience\/marketing<\/li>\n<\/ul>\n<hr \/>\n<h3>Prise de contact<\/h3>\n<p>Lors de votre prise de contact (ex : par formulaire de contact, e-mail, t\u00e9l\u00e9phone, ou via les r\u00e9seaux sociaux), les informations de l&rsquo;utilisateur sont trait\u00e9es en vue du traiement de la demande de contact et de l&rsquo;\u00e9ventuelle r\u00e9ponse \u00e0 celle-ci. Les donn\u00e9es des utilisateurs peuvent \u00eatre enregistr\u00e9es dans un syst\u00e8me de gestion de la relation client (CRM) ou dans une organisation de demandes similaire afin de traiter plus efficacement les \u00e9ventuelles demandes suivantes.<\/p>\n<p>Nous supprimons les demandes dans la mesure o\u00f9 celles-ci ne sont plus n\u00e9cessaires. Nous contr\u00f4lons la n\u00e9cessit\u00e9 tous les deux ans ; Par ailleurs, les obligations l\u00e9gales d&rsquo;archivage s&rsquo;appliquent.<\/p>\n<hr \/>\n<h3>Cookies<\/h3>\n<p>Les cookies sont de petits fichiers texte que votre navigateur enregistre lors de la viste d&rsquo;un site Web. Gr\u00e2ce aux cookies, vous n&rsquo;avez plus besoin de votre connecter \u00e0 nouveau lors de la visite r\u00e9p\u00e9t\u00e9e d&rsquo;un site ou d&rsquo;une application Web. Les cookies sont \u00e9galement utilis\u00e9s par des services d&rsquo;analyse Web comme Google Analytics en vue de l&rsquo;identification de l&rsquo;internaute.<\/p>\n<p>Vous pouvez emp\u00eacher l&rsquo;enregistrement des cookies gr\u00e2ce \u00e0 un param\u00e8tre correspondant dans votre navigateur. Dans ce cas, vous risquez de ne plus pouvoir utiliser totalement l&rsquo;ensemble des fonctions de ce site.<\/p>\n<hr \/>\n<h3>Pr\u00e9sence sur les r\u00e9seaux sociaux<\/h3>\n<p>Nous maintenons une pr\u00e9sence en ligne au sein des plateformes et r\u00e9seaux sociaux afin de communiquer avec les clients, personnes int\u00e9ress\u00e9es et utilisateurs actifs sur ces plateformes et de les informer de nos prestations. Lors de la visite des plateformes et r\u00e9seaux en question, les conditions de vente et les directives en mati\u00e8re de traitement des donn\u00e9es de leurs exploitants respectifs s&rsquo;appliquent.<\/p>\n<p>Sauf prescription contraire dans le cadre de notre d\u00e9claration de confidentialit\u00e9, nous traitons les donn\u00e9es des utilisateurs dans la mesure o\u00f9 ces derniers communiquent avec nous au sein des plateformes et r\u00e9seaux sociaux, par ex. s&rsquo;ils r\u00e9digent des publications sur nos pr\u00e9sences en ligne ou nous envoient des messages.<\/p>\n<\/div><\/section><\/div>\n<style type=\"text\/css\" data-created_by=\"avia_inline_auto\" id=\"style-css-av-av_one_half-e80e094bc700d1c7e17f00275a102ea3\">\n#top .flex_column.av-av_one_half-e80e094bc700d1c7e17f00275a102ea3{\nmargin-top:30px;\nmargin-bottom:0px;\n}\n.flex_column.av-av_one_half-e80e094bc700d1c7e17f00275a102ea3{\nborder-width:1px;\nborder-style:solid;\nborder-radius:0px 0px 0px 0px;\npadding:20px 20px 20px 20px;\nbackground-color:#f8f8f8;\n}\n.responsive #top #wrap_all .flex_column.av-av_one_half-e80e094bc700d1c7e17f00275a102ea3{\nmargin-top:30px;\nmargin-bottom:0px;\n}\n<\/style>\n<div  class='flex_column av-av_one_half-e80e094bc700d1c7e17f00275a102ea3 av_one_half  avia-builder-el-5  el_after_av_one_half  avia-builder-el-last  flex_column_div av-animated-generic fade-in  '     ><section  class='av_textblock_section av-av_textblock-2de302bf1aa3cf4c9157dbe6f50ac7eb '   itemscope=\"itemscope\" itemtype=\"https:\/\/schema.org\/CreativeWork\" ><div class='avia_textblock'  itemprop=\"text\" ><h3>Collecte de donn\u00e9es d&rsquo;acc\u00e8s et de fichiers journaux<\/h3>\n<p>Nous, \u00e0 savoir notre h\u00e9bergeur Web, collecte en vue de notre int\u00e9r\u00eat l\u00e9gitime en vertu de l&rsquo;art. 6 parag. 1 let. f. RGPD des donn\u00e9es concernant tous les acc\u00e8s au serveur sur lequel ce service se trouve (fichiers journaux du serveur). Parmi les donn\u00e9es d&rsquo;acc\u00e8s, on compte le nom du site Web consult\u00e9, le fichier, la date et l&rsquo;heure de la visite, la quantit\u00e9 de donn\u00e9es transmise, le message concernant une consultation r\u00e9ussie, le type et la version de navigateur, le syst\u00e8me d&rsquo;exploitation de l&rsquo;utilisateur, l&rsquo;URL de r\u00e9f\u00e9rence (le site visit\u00e9 juste avant), l&rsquo;adresse IP et le fournisseur demandeur.<\/p>\n<p>Pour des raisons de s\u00e9curit\u00e9 (par ex. pour identifier des utilisations abusives ou fraudes), les informations des fichiers journaux sont enregistr\u00e9es pendant une dur\u00e9e maximum de 7 jours, puis supprim\u00e9es. Les donn\u00e9es dont la conservation est n\u00e9cessaire pour founir des preuves sont exclues de la suppression jusqu&rsquo;\u00e0 la r\u00e9solution d\u00e9finitive de l&rsquo;incident en question.<\/p>\n<hr \/>\n<h3>Google Analytics<\/h3>\n<p>Ce site Web utilise Google Analytics, un service d&rsquo;analyse Web de Google Inc. (ci-apr\u00e8s : \u00ab Google \u00bb). Google Analytics utilise des \u00ab cookies \u00bb, soit des fichiers texte qui sont enregistr\u00e9s sur votre ordinateur et permettent une analyse de l&rsquo;utilisation du site Web. Les informations g\u00e9n\u00e9r\u00e9es par le cookie concernant votre utilisation de ce site Web sont g\u00e9n\u00e9ralement transmises \u00e0 un serveur de Google aux \u00c9tats-Unis avant d&rsquo;y \u00eatre enregistr\u00e9es. Si l&rsquo;anonymisation de l&rsquo;IP est activ\u00e9e sur ce site Web, votre adresse IP sera cependant abr\u00e9g\u00e9e au pr\u00e9alable par Google au sein des \u00c9tats membres de l&rsquo;Union europ\u00e9enne ou dans d&rsquo;autres \u00c9tats signataires de l&rsquo;accord sur l&rsquo;Espace \u00e9conomique europ\u00e9en.<\/p>\n<p>L&rsquo;adresse IP compl\u00e8te ne sera transmise vers un serveur de Google aux \u00c9tats-Unis avant d&rsquo;y \u00eatre abr\u00e9g\u00e9e que dans des cas exceptionnels. Google utilisera ces informations pour analyser votre utilisation du site Web, pour compser des rapports sur les activit\u00e9s du site Web pour les exploitants du site et pour apporter d&rsquo;autres services en lien avec l&rsquo;utilisation du site et d&rsquo;Internet. Par ailleurs, Google transmettra \u00e9ventuellement ces informations \u00e0 des tiers dans la mesure o\u00f9 ceci est prescrit par la loi ou que des tiers traitent ces donn\u00e9es pour le compte de Google. L&rsquo;adresse IP transmise par votre navigateur dans le cadre de Google Analytics n&rsquo;est pas combin\u00e9e avec d&rsquo;autres donn\u00e9es de Google.<\/p>\n<p>Vous pouvez emp\u00eacher l&rsquo;installation des cookies gr\u00e2ce \u00e0 un param\u00e8tre correspondant de votre logiciel de navigateur (Extension du navigateur pour la d\u00e9sactivation de Google Analytics) ; Veuillez noter cependant que dans ce cas, vous risquez de ne pas pouvoir utiliser enti\u00e8rement l&rsquo;ensemble des fonctions de ce site Web. En utilisant ce site, vous acceptez le traitement des donn\u00e9es collect\u00e9es vous concernant de la part de Google de la mani\u00e8re pr\u00e9c\u00e9demment d\u00e9crite et dans le but pr\u00e9cis\u00e9 plus haut.<\/p>\n<hr \/>\n<h3>Google Maps<\/h3>\n<p>Ce site Web utilise l&rsquo;API de Google Maps afin de repr\u00e9senter visuellement des informations g\u00e9ographiques. Lors de l&rsquo;utilisation de Google Maps, Google collecte, traite et utilise \u00e9galement des donn\u00e9es concernant l&rsquo;utilisation des fonctions de carte par les internautes. Vous trouverez de plus ambles informations sur le traitement des donn\u00e9es par Google dans la politique de confidentialit\u00e9 de Google. Dans le centre de protection des donn\u00e9es, vous pouvez \u00e9galement modifier vos param\u00e8tres de protection des donn\u00e9es personnelles.<\/p>\n<p>Google LLC, 1600 Amphitheatre Parkway, Mountain View, CA 94043, USA.<br \/>\nD\u00e9claration de confidentialit\u00e9 : https:\/\/www.google.com\/policies\/privacy\/, Opt-Out : https:\/\/adssettings.google.com\/authenticated.<\/p>\n<hr \/>\n<h3>Google Webfonts<\/h3>\n<p>Afin de pr\u00e9senter nos contenus correctement, avec un graphisme soign\u00e9 et pour tous les navigateurs, nous utilisons sur ce site des biblioth\u00e8ques de script et de police comme Google Webfonts (https:\/\/www.google.com\/webfonts\/). Les Google Webfonts sont transmises dans le cache de votre navigateur pour \u00e9viter les chargements multiples. Si le navigateur ne prend pas en charge les Google Webfonts ou interrompt l&rsquo;acc\u00e8s, les contenus s&rsquo;affichent dans une police par d\u00e9faut.<\/p>\n<p>La consultation de biblioth\u00e8ques de script ou de police d\u00e9clenche automatiquement une connextion \u00e0 l&rsquo;exploitant de la biblioth\u00e8que. En th\u00e9orie, il est possible \u2013 m\u00eame si actuellement on ignore si et le cas \u00e9ch\u00e9ant dans quel but \u2013 que les exploitants des biblioth\u00e8ques correspondantes collectent des donn\u00e9es.<\/p>\n<p>Google LLC, 1600 Amphitheatre Parkway, Mountain View, CA 94043, USA.<br \/>\nD\u00e9claration de confidentialit\u00e9 : https:\/\/www.google.com\/policies\/privacy\/, Opt-Out : https:\/\/adssettings.google.com\/authenticated.<\/p>\n<\/div><\/section><\/div>\n","protected":false},"excerpt":{"rendered":"","protected":false},"author":1,"featured_media":0,"parent":0,"menu_order":6,"comment_status":"closed","ping_status":"open","template":"","meta":{"footnotes":""},"class_list":["post-2203","page","type-page","status-publish","hentry"],"yoast_head":"<!-- This site is optimized with the Yoast SEO plugin v27.5 - https:\/\/yoast.com\/product\/yoast-seo-wordpress\/ -->\n<title>D\u00e9claration de confidentialit\u00e9 - Wirbels\u00e4ulenzentrum Biel-Seeland<\/title>\n<meta name=\"robots\" content=\"index, follow, max-snippet:-1, max-image-preview:large, max-video-preview:-1\" \/>\n<link rel=\"canonical\" href=\"https:\/\/www.medispine.ch\/fr\/declaration-de-confidentialite\/\" \/>\n<meta property=\"og:locale\" content=\"fr_FR\" \/>\n<meta property=\"og:type\" content=\"article\" \/>\n<meta property=\"og:title\" content=\"D\u00e9claration de confidentialit\u00e9 - Wirbels\u00e4ulenzentrum Biel-Seeland\" \/>\n<meta property=\"og:url\" content=\"https:\/\/www.medispine.ch\/fr\/declaration-de-confidentialite\/\" \/>\n<meta property=\"og:site_name\" content=\"Wirbels\u00e4ulenzentrum Biel-Seeland\" \/>\n<meta property=\"article:modified_time\" content=\"2021-02-01T12:00:00+00:00\" \/>\n<meta name=\"twitter:card\" content=\"summary_large_image\" \/>\n<meta name=\"twitter:label1\" content=\"Dur\u00e9e de lecture estim\u00e9e\" \/>\n\t<meta name=\"twitter:data1\" content=\"9 minutes\" \/>\n<script type=\"application\/ld+json\" class=\"yoast-schema-graph\">{\"@context\":\"https:\\\/\\\/schema.org\",\"@graph\":[{\"@type\":\"WebPage\",\"@id\":\"https:\\\/\\\/www.medispine.ch\\\/fr\\\/declaration-de-confidentialite\\\/\",\"url\":\"https:\\\/\\\/www.medispine.ch\\\/fr\\\/declaration-de-confidentialite\\\/\",\"name\":\"D\u00e9claration de confidentialit\u00e9 - Wirbels\u00e4ulenzentrum Biel-Seeland\",\"isPartOf\":{\"@id\":\"https:\\\/\\\/www.medispine.ch\\\/#website\"},\"datePublished\":\"2019-08-14T13:28:14+00:00\",\"dateModified\":\"2021-02-01T12:00:00+00:00\",\"breadcrumb\":{\"@id\":\"https:\\\/\\\/www.medispine.ch\\\/fr\\\/declaration-de-confidentialite\\\/#breadcrumb\"},\"inLanguage\":\"fr-FR\",\"potentialAction\":[{\"@type\":\"ReadAction\",\"target\":[\"https:\\\/\\\/www.medispine.ch\\\/fr\\\/declaration-de-confidentialite\\\/\"]}]},{\"@type\":\"BreadcrumbList\",\"@id\":\"https:\\\/\\\/www.medispine.ch\\\/fr\\\/declaration-de-confidentialite\\\/#breadcrumb\",\"itemListElement\":[{\"@type\":\"ListItem\",\"position\":1,\"name\":\"Startseite\",\"item\":\"https:\\\/\\\/www.medispine.ch\\\/fr\\\/\"},{\"@type\":\"ListItem\",\"position\":2,\"name\":\"D\u00e9claration de confidentialit\u00e9\"}]},{\"@type\":\"WebSite\",\"@id\":\"https:\\\/\\\/www.medispine.ch\\\/#website\",\"url\":\"https:\\\/\\\/www.medispine.ch\\\/\",\"name\":\"Wirbels\u00e4ulenzentrum Biel-Seeland\",\"description\":\"\",\"potentialAction\":[{\"@type\":\"SearchAction\",\"target\":{\"@type\":\"EntryPoint\",\"urlTemplate\":\"https:\\\/\\\/www.medispine.ch\\\/?s={search_term_string}\"},\"query-input\":{\"@type\":\"PropertyValueSpecification\",\"valueRequired\":true,\"valueName\":\"search_term_string\"}}],\"inLanguage\":\"fr-FR\"}]}<\/script>\n<!-- \/ Yoast SEO plugin. -->","yoast_head_json":{"title":"D\u00e9claration de confidentialit\u00e9 - Wirbels\u00e4ulenzentrum Biel-Seeland","robots":{"index":"index","follow":"follow","max-snippet":"max-snippet:-1","max-image-preview":"max-image-preview:large","max-video-preview":"max-video-preview:-1"},"canonical":"https:\/\/www.medispine.ch\/fr\/declaration-de-confidentialite\/","og_locale":"fr_FR","og_type":"article","og_title":"D\u00e9claration de confidentialit\u00e9 - Wirbels\u00e4ulenzentrum Biel-Seeland","og_url":"https:\/\/www.medispine.ch\/fr\/declaration-de-confidentialite\/","og_site_name":"Wirbels\u00e4ulenzentrum Biel-Seeland","article_modified_time":"2021-02-01T12:00:00+00:00","twitter_card":"summary_large_image","twitter_misc":{"Dur\u00e9e de lecture estim\u00e9e":"9 minutes"},"schema":{"@context":"https:\/\/schema.org","@graph":[{"@type":"WebPage","@id":"https:\/\/www.medispine.ch\/fr\/declaration-de-confidentialite\/","url":"https:\/\/www.medispine.ch\/fr\/declaration-de-confidentialite\/","name":"D\u00e9claration de confidentialit\u00e9 - Wirbels\u00e4ulenzentrum Biel-Seeland","isPartOf":{"@id":"https:\/\/www.medispine.ch\/#website"},"datePublished":"2019-08-14T13:28:14+00:00","dateModified":"2021-02-01T12:00:00+00:00","breadcrumb":{"@id":"https:\/\/www.medispine.ch\/fr\/declaration-de-confidentialite\/#breadcrumb"},"inLanguage":"fr-FR","potentialAction":[{"@type":"ReadAction","target":["https:\/\/www.medispine.ch\/fr\/declaration-de-confidentialite\/"]}]},{"@type":"BreadcrumbList","@id":"https:\/\/www.medispine.ch\/fr\/declaration-de-confidentialite\/#breadcrumb","itemListElement":[{"@type":"ListItem","position":1,"name":"Startseite","item":"https:\/\/www.medispine.ch\/fr\/"},{"@type":"ListItem","position":2,"name":"D\u00e9claration de confidentialit\u00e9"}]},{"@type":"WebSite","@id":"https:\/\/www.medispine.ch\/#website","url":"https:\/\/www.medispine.ch\/","name":"Wirbels\u00e4ulenzentrum Biel-Seeland","description":"","potentialAction":[{"@type":"SearchAction","target":{"@type":"EntryPoint","urlTemplate":"https:\/\/www.medispine.ch\/?s={search_term_string}"},"query-input":{"@type":"PropertyValueSpecification","valueRequired":true,"valueName":"search_term_string"}}],"inLanguage":"fr-FR"}]}},"_links":{"self":[{"href":"https:\/\/www.medispine.ch\/fr\/wp-json\/wp\/v2\/pages\/2203","targetHints":{"allow":["GET"]}}],"collection":[{"href":"https:\/\/www.medispine.ch\/fr\/wp-json\/wp\/v2\/pages"}],"about":[{"href":"https:\/\/www.medispine.ch\/fr\/wp-json\/wp\/v2\/types\/page"}],"author":[{"embeddable":true,"href":"https:\/\/www.medispine.ch\/fr\/wp-json\/wp\/v2\/users\/1"}],"replies":[{"embeddable":true,"href":"https:\/\/www.medispine.ch\/fr\/wp-json\/wp\/v2\/comments?post=2203"}],"version-history":[{"count":17,"href":"https:\/\/www.medispine.ch\/fr\/wp-json\/wp\/v2\/pages\/2203\/revisions"}],"predecessor-version":[{"id":3500,"href":"https:\/\/www.medispine.ch\/fr\/wp-json\/wp\/v2\/pages\/2203\/revisions\/3500"}],"wp:attachment":[{"href":"https:\/\/www.medispine.ch\/fr\/wp-json\/wp\/v2\/media?parent=2203"}],"curies":[{"name":"wp","href":"https:\/\/api.w.org\/{rel}","templated":true}]}}