{"id":3727,"date":"2022-12-22T14:03:11","date_gmt":"2022-12-22T13:03:11","guid":{"rendered":"https:\/\/medispine.aretis-staging.ch\/?page_id=3727"},"modified":"2022-12-22T14:03:11","modified_gmt":"2022-12-22T13:03:11","slug":"rendez-vous-en-ligne","status":"publish","type":"page","link":"https:\/\/www.medispine.ch\/fr\/rendez-vous-en-ligne\/","title":{"rendered":"Rendez-vous en ligne"},"content":{"rendered":"<div id='av_section_1'  class='avia-section av-19kvjh-9834f7f983d70682d3bb9bf19044f422 main_color avia-section-huge avia-no-shadow  avia-builder-el-0  avia-builder-el-no-sibling  avia-bg-style-scroll container_wrap fullsize'  ><div class='container av-section-cont-open' ><main  role=\"main\" itemprop=\"mainContentOfPage\"  class='template-page content  av-content-full alpha units'><div class='post-entry post-entry-type-page post-entry-3727'><div class='entry-content-wrapper clearfix'>\n\n<style type=\"text\/css\" data-created_by=\"avia_inline_auto\" id=\"style-css-av-5ilgyd-2950251e859577b59afc871b68172a93\">\n.flex_column.av-5ilgyd-2950251e859577b59afc871b68172a93{\nborder-radius:0px 0px 0px 0px;\npadding:0px 0px 0px 0px;\n}\n<\/style>\n<div  class='flex_column av-5ilgyd-2950251e859577b59afc871b68172a93 av_one_full  avia-builder-el-1  el_before_av_one_third  avia-builder-el-first  first flex_column_div av-zero-column-padding  '     ><p>\n<style type=\"text\/css\" data-created_by=\"avia_inline_auto\" id=\"style-css-av-1bbfut-88ba9a7143921641fb4e702629d775e7\">\n#top .av-special-heading.av-1bbfut-88ba9a7143921641fb4e702629d775e7{\npadding-bottom:10px;\n}\nbody .av-special-heading.av-1bbfut-88ba9a7143921641fb4e702629d775e7 .av-special-heading-tag .heading-char{\nfont-size:25px;\n}\n.av-special-heading.av-1bbfut-88ba9a7143921641fb4e702629d775e7 .av-subheading{\nfont-size:26px;\n}\n<\/style>\n<div  class='av-special-heading av-1bbfut-88ba9a7143921641fb4e702629d775e7 av-special-heading-h1 blockquote modern-quote modern-centered  avia-builder-el-2  el_before_av_hr  avia-builder-el-first '><h1 class='av-special-heading-tag '  itemprop=\"headline\"  >Rendez-vous en ligne<\/h1><div class='av-subheading av-subheading_below'><p>R\u00e9servez votre rendez-vous en ligne avec nous<\/p>\n<\/div><div class=\"special-heading-border\"><div class=\"special-heading-inner-border\"><\/div><\/div><\/div><br \/>\n<div  class='hr av-55jltx-9c6ae0eb84571259de738a2ac55bdc29 hr-short  avia-builder-el-3  el_after_av_heading  avia-builder-el-last  hr-center'><span class='hr-inner '><span class=\"hr-inner-style\"><\/span><\/span><\/div><\/p><\/div>\n<style type=\"text\/css\" data-created_by=\"avia_inline_auto\" id=\"style-css-av-141tn9-aab7e25678cfa72117543f2aae8c41b4\">\n.flex_column.av-141tn9-aab7e25678cfa72117543f2aae8c41b4{\nborder-width:1px;\nborder-style:solid;\nborder-radius:0px 0px 0px 0px;\npadding:15px 15px 15px 15px;\nbackground-color:#ffffff;\n}\n<\/style>\n<div  class='flex_column av-141tn9-aab7e25678cfa72117543f2aae8c41b4 av_one_third  avia-builder-el-4  el_after_av_one_full  el_before_av_one_third  first av-break-at-tablet flex_column_div av-animated-generic pop-up  column-top-margin'     ><p>\n<style type=\"text\/css\" data-created_by=\"avia_inline_auto\" id=\"style-css-av-ko2wfnec-426a3d1752c99d831cf85ffb691dac61\">\n.avia-image-container.av-ko2wfnec-426a3d1752c99d831cf85ffb691dac61 img.avia_image{\nbox-shadow:none;\n}\n.avia-image-container.av-ko2wfnec-426a3d1752c99d831cf85ffb691dac61 .av-image-caption-overlay-center{\ncolor:#ffffff;\n}\n<\/style>\n<div  class='avia-image-container av-ko2wfnec-426a3d1752c99d831cf85ffb691dac61 av-styling- avia-align-center  avia-builder-el-5  el_before_av_heading  avia-builder-el-first '   itemprop=\"image\" itemscope=\"itemscope\" itemtype=\"https:\/\/schema.org\/ImageObject\" ><div class=\"avia-image-container-inner\"><div class=\"avia-image-overlay-wrap\"><img decoding=\"async\" fetchpriority=\"high\" class='wp-image-3543 avia-img-lazy-loading-not-3543 avia_image ' src=\"https:\/\/www.medispine.ch\/wp-content\/uploads\/2021\/04\/Aanyo-Kuzeawu.jpg\" alt='' title='Aanyo Kuzeawu'  height=\"500\" width=\"500\"  itemprop=\"thumbnailUrl\" srcset=\"https:\/\/www.medispine.ch\/wp-content\/uploads\/2021\/04\/Aanyo-Kuzeawu.jpg 500w, https:\/\/www.medispine.ch\/wp-content\/uploads\/2021\/04\/Aanyo-Kuzeawu-300x300.jpg 300w, https:\/\/www.medispine.ch\/wp-content\/uploads\/2021\/04\/Aanyo-Kuzeawu-80x80.jpg 80w, https:\/\/www.medispine.ch\/wp-content\/uploads\/2021\/04\/Aanyo-Kuzeawu-36x36.jpg 36w, https:\/\/www.medispine.ch\/wp-content\/uploads\/2021\/04\/Aanyo-Kuzeawu-180x180.jpg 180w\" sizes=\"(max-width: 500px) 100vw, 500px\" \/><\/div><\/div><\/div><br \/>\n\n<style type=\"text\/css\" data-created_by=\"avia_inline_auto\" id=\"style-css-av-3jacd-7296d6dd678ac717d730df7c148f627d\">\n#top .av-special-heading.av-3jacd-7296d6dd678ac717d730df7c148f627d{\npadding-bottom:10px;\nfont-size:20px;\n}\nbody .av-special-heading.av-3jacd-7296d6dd678ac717d730df7c148f627d .av-special-heading-tag .heading-char{\nfont-size:25px;\n}\n#top #wrap_all .av-special-heading.av-3jacd-7296d6dd678ac717d730df7c148f627d .av-special-heading-tag{\nfont-size:20px;\n}\n.av-special-heading.av-3jacd-7296d6dd678ac717d730df7c148f627d .av-subheading{\nfont-size:15px;\n}\n\n@media only screen and (min-width: 480px) and (max-width: 767px){ \n#top #wrap_all .av-special-heading.av-3jacd-7296d6dd678ac717d730df7c148f627d .av-special-heading-tag{\nfont-size:0.8em;\n}\n}\n\n@media only screen and (max-width: 479px){ \n#top #wrap_all .av-special-heading.av-3jacd-7296d6dd678ac717d730df7c148f627d .av-special-heading-tag{\nfont-size:0.8em;\n}\n}\n<\/style>\n<div  class='av-special-heading av-3jacd-7296d6dd678ac717d730df7c148f627d av-special-heading-h5 blockquote modern-quote modern-centered  avia-builder-el-6  el_after_av_image  el_before_av_textblock  av-inherit-size'><h5 class='av-special-heading-tag '  itemprop=\"headline\"  >Aanyo Kuzeawu<\/h5><div class='av-subheading av-subheading_below'><p>FMH Neurochirurgie<\/p>\n<\/div><div class=\"special-heading-border\"><div class=\"special-heading-inner-border\"><\/div><\/div><\/div><br \/>\n<section  class='av_textblock_section av-3lnvrh-6008b14bdef4b20818afad66c2907ce1 '   itemscope=\"itemscope\" itemtype=\"https:\/\/schema.org\/CreativeWork\" ><div class='avia_textblock'  itemprop=\"text\" ><p style=\"text-align: center;\">Email:\u00a0<a href=\"mailto:aanyo.kuzeawu@wzb.ch\">aanyo.kuzeawu@wzb.ch<\/a><br \/>\nParle \u00e9galement tr\u00e8s bien le fran\u00e7ais.<\/p>\n<div id=\"gtx-trans\" style=\"position: absolute; left: 648px; top: 107.188px;\">\n<div class=\"gtx-trans-icon\"><\/div>\n<\/div>\n<\/div><\/section><br \/>\n\n<style type=\"text\/css\" data-created_by=\"avia_inline_auto\" id=\"style-css-av-ks60go0t-0f1e4d912425b377e4b61f42080defab\">\n#top .hr.hr-invisible.av-ks60go0t-0f1e4d912425b377e4b61f42080defab{\nheight:32px;\n}\n<\/style>\n<div  class='hr av-ks60go0t-0f1e4d912425b377e4b61f42080defab hr-invisible  avia-builder-el-8  el_after_av_textblock  el_before_av_button '><span class='hr-inner '><span class=\"hr-inner-style\"><\/span><\/span><\/div><br \/>\n<div  class='avia-button-wrap av-ks60fwoa-9fd8897534ca29566fb56fccc4ce2544-wrap avia-button-center  avia-builder-el-9  el_after_av_hr  avia-builder-el-last '><a href='https:\/\/www.medispine.ch\/fr\/prendre-rendez-vous-aanyo-kuzeawu\/'  class='avia-button av-ks60fwoa-9fd8897534ca29566fb56fccc4ce2544 av-link-btn avia-icon_select-yes-right-icon avia-size-large avia-position-center avia-color-theme-color'   aria-label=\"Prendre rendez-vous en ligne\"><span class='avia_iconbox_title' >Prendre rendez-vous en ligne<\/span><span class='avia_button_icon avia_button_icon_right avia-iconfont avia-font-entypo-fontello' data-av_icon='\ue832' data-av_iconfont='entypo-fontello' ><\/span><\/a><\/div><\/p><\/div>\n<style type=\"text\/css\" data-created_by=\"avia_inline_auto\" id=\"style-css-av-s3z3x-44603e003262a7457d00082fa2d44b26\">\n.flex_column.av-s3z3x-44603e003262a7457d00082fa2d44b26{\nborder-width:1px;\nborder-style:solid;\nborder-radius:0px 0px 0px 0px;\npadding:15px 15px 15px 15px;\nbackground-color:#ffffff;\n}\n<\/style>\n<div  class='flex_column av-s3z3x-44603e003262a7457d00082fa2d44b26 av_one_third  avia-builder-el-10  el_after_av_one_third  el_before_av_one_third  av-break-at-tablet flex_column_div av-animated-generic pop-up  column-top-margin'     ><p>\n<style type=\"text\/css\" data-created_by=\"avia_inline_auto\" id=\"style-css-av-ko2wfxj4-247fe7e92dcc766e8f682301bc504fa1\">\n.avia-image-container.av-ko2wfxj4-247fe7e92dcc766e8f682301bc504fa1 img.avia_image{\nbox-shadow:none;\n}\n.avia-image-container.av-ko2wfxj4-247fe7e92dcc766e8f682301bc504fa1 .av-image-caption-overlay-center{\ncolor:#ffffff;\n}\n<\/style>\n<div  class='avia-image-container av-ko2wfxj4-247fe7e92dcc766e8f682301bc504fa1 av-styling- avia-align-center  avia-builder-el-11  el_before_av_heading  avia-builder-el-first '   itemprop=\"image\" itemscope=\"itemscope\" itemtype=\"https:\/\/schema.org\/ImageObject\" ><div class=\"avia-image-container-inner\"><div class=\"avia-image-overlay-wrap\"><img decoding=\"async\" fetchpriority=\"high\" class='wp-image-3571 avia-img-lazy-loading-not-3571 avia_image ' src=\"https:\/\/www.medispine.ch\/wp-content\/uploads\/2021\/04\/Rolf-Busch-1.jpg\" alt='' title='Rolf Busch'  height=\"500\" width=\"500\"  itemprop=\"thumbnailUrl\" srcset=\"https:\/\/www.medispine.ch\/wp-content\/uploads\/2021\/04\/Rolf-Busch-1.jpg 500w, https:\/\/www.medispine.ch\/wp-content\/uploads\/2021\/04\/Rolf-Busch-1-300x300.jpg 300w, https:\/\/www.medispine.ch\/wp-content\/uploads\/2021\/04\/Rolf-Busch-1-80x80.jpg 80w, https:\/\/www.medispine.ch\/wp-content\/uploads\/2021\/04\/Rolf-Busch-1-36x36.jpg 36w, https:\/\/www.medispine.ch\/wp-content\/uploads\/2021\/04\/Rolf-Busch-1-180x180.jpg 180w\" sizes=\"(max-width: 500px) 100vw, 500px\" \/><\/div><\/div><\/div><br \/>\n\n<style type=\"text\/css\" data-created_by=\"avia_inline_auto\" id=\"style-css-av-11vw39-c81a4d83d865a5ec5473d8065377a6b1\">\n#top .av-special-heading.av-11vw39-c81a4d83d865a5ec5473d8065377a6b1{\npadding-bottom:10px;\nfont-size:20px;\n}\nbody .av-special-heading.av-11vw39-c81a4d83d865a5ec5473d8065377a6b1 .av-special-heading-tag .heading-char{\nfont-size:25px;\n}\n#top #wrap_all .av-special-heading.av-11vw39-c81a4d83d865a5ec5473d8065377a6b1 .av-special-heading-tag{\nfont-size:20px;\n}\n.av-special-heading.av-11vw39-c81a4d83d865a5ec5473d8065377a6b1 .av-subheading{\nfont-size:15px;\n}\n\n@media only screen and (min-width: 480px) and (max-width: 767px){ \n#top #wrap_all .av-special-heading.av-11vw39-c81a4d83d865a5ec5473d8065377a6b1 .av-special-heading-tag{\nfont-size:0.8em;\n}\n}\n\n@media only screen and (max-width: 479px){ \n#top #wrap_all .av-special-heading.av-11vw39-c81a4d83d865a5ec5473d8065377a6b1 .av-special-heading-tag{\nfont-size:0.8em;\n}\n}\n<\/style>\n<div  class='av-special-heading av-11vw39-c81a4d83d865a5ec5473d8065377a6b1 av-special-heading-h5 blockquote modern-quote modern-centered  avia-builder-el-12  el_after_av_image  el_before_av_textblock  av-inherit-size'><h5 class='av-special-heading-tag '  itemprop=\"headline\"  >Dr. med. Rolf Busch<\/h5><div class='av-subheading av-subheading_below'><p>FMH Orthop\u00e9die\/Traumatologie<\/p>\n<\/div><div class=\"special-heading-border\"><div class=\"special-heading-inner-border\"><\/div><\/div><\/div><br \/>\n<section  class='av_textblock_section av-4bv6v9-7559423d1e2543c0dc2f42c466cbdf3a '   itemscope=\"itemscope\" itemtype=\"https:\/\/schema.org\/CreativeWork\" ><div class='avia_textblock'  itemprop=\"text\" ><p style=\"text-align: center;\">Email:\u00a0<a href=\"mailto:rolf.busch@wzb.ch\">rolf.busch@wzb.ch<\/a><br \/>\nParla anche molto bene l&rsquo;italiano.<\/p>\n<div id=\"gtx-trans\" style=\"position: absolute; left: 696px; top: 107.188px;\">\n<div class=\"gtx-trans-icon\"><\/div>\n<\/div>\n<\/div><\/section><br \/>\n\n<style type=\"text\/css\" data-created_by=\"avia_inline_auto\" id=\"style-css-av-4nn3oe-60758957bff0b8a9cff2c98d326263cb\">\n#top .hr.hr-invisible.av-4nn3oe-60758957bff0b8a9cff2c98d326263cb{\nheight:32px;\n}\n<\/style>\n<div  class='hr av-4nn3oe-60758957bff0b8a9cff2c98d326263cb hr-invisible  avia-builder-el-14  el_after_av_textblock  el_before_av_button '><span class='hr-inner '><span class=\"hr-inner-style\"><\/span><\/span><\/div><br \/>\n<div  class='avia-button-wrap av-23chha-1e841c0635b0fbc411eac2ca483fa933-wrap avia-button-center  avia-builder-el-15  el_after_av_hr  avia-builder-el-last '><a href='https:\/\/www.medispine.ch\/fr\/prendre-rendez-vous-rolf-busch\/'  class='avia-button av-23chha-1e841c0635b0fbc411eac2ca483fa933 av-link-btn avia-icon_select-yes-right-icon avia-size-large avia-position-center avia-color-theme-color'   aria-label=\"Prendre rendez-vous en ligne\"><span class='avia_iconbox_title' >Prendre rendez-vous en ligne<\/span><span class='avia_button_icon avia_button_icon_right avia-iconfont avia-font-entypo-fontello' data-av_icon='\ue832' data-av_iconfont='entypo-fontello' ><\/span><\/a><\/div><\/p><\/div>\n<style type=\"text\/css\" data-created_by=\"avia_inline_auto\" id=\"style-css-av-d0dnx-ee2977cb564231174ac6e975a1ac3a38\">\n.flex_column.av-d0dnx-ee2977cb564231174ac6e975a1ac3a38{\nborder-width:1px;\nborder-style:solid;\nborder-radius:0px 0px 0px 0px;\npadding:15px 15px 15px 15px;\nbackground-color:#ffffff;\n}\n<\/style>\n<div  class='flex_column av-d0dnx-ee2977cb564231174ac6e975a1ac3a38 av_one_third  avia-builder-el-16  el_after_av_one_third  avia-builder-el-last  av-break-at-tablet flex_column_div av-animated-generic pop-up  column-top-margin'     ><p>\n<style type=\"text\/css\" data-created_by=\"avia_inline_auto\" id=\"style-css-av-ko2wh1bt-f121d5790720da2631bfc8806a26fa7f\">\n.avia-image-container.av-ko2wh1bt-f121d5790720da2631bfc8806a26fa7f img.avia_image{\nbox-shadow:none;\n}\n.avia-image-container.av-ko2wh1bt-f121d5790720da2631bfc8806a26fa7f .av-image-caption-overlay-center{\ncolor:#ffffff;\n}\n<\/style>\n<div  class='avia-image-container av-ko2wh1bt-f121d5790720da2631bfc8806a26fa7f av-styling- avia-align-center  avia-builder-el-17  el_before_av_heading  avia-builder-el-first '   itemprop=\"image\" itemscope=\"itemscope\" itemtype=\"https:\/\/schema.org\/ImageObject\" ><div class=\"avia-image-container-inner\"><div class=\"avia-image-overlay-wrap\"><img decoding=\"async\" fetchpriority=\"high\" class='wp-image-3557 avia-img-lazy-loading-not-3557 avia_image ' src=\"https:\/\/www.medispine.ch\/wp-content\/uploads\/2021\/04\/Islam-Abouelnaga-1.jpg\" alt='' title='Islam Abouelnaga'  height=\"500\" width=\"500\"  itemprop=\"thumbnailUrl\" srcset=\"https:\/\/www.medispine.ch\/wp-content\/uploads\/2021\/04\/Islam-Abouelnaga-1.jpg 500w, https:\/\/www.medispine.ch\/wp-content\/uploads\/2021\/04\/Islam-Abouelnaga-1-300x300.jpg 300w, https:\/\/www.medispine.ch\/wp-content\/uploads\/2021\/04\/Islam-Abouelnaga-1-80x80.jpg 80w, https:\/\/www.medispine.ch\/wp-content\/uploads\/2021\/04\/Islam-Abouelnaga-1-36x36.jpg 36w, https:\/\/www.medispine.ch\/wp-content\/uploads\/2021\/04\/Islam-Abouelnaga-1-180x180.jpg 180w\" sizes=\"(max-width: 500px) 100vw, 500px\" \/><\/div><\/div><\/div><br \/>\n\n<style type=\"text\/css\" data-created_by=\"avia_inline_auto\" id=\"style-css-av-ko2wjkk5-ed61a32beb2975d4d6611da1298d0563\">\n#top .av-special-heading.av-ko2wjkk5-ed61a32beb2975d4d6611da1298d0563{\npadding-bottom:10px;\nfont-size:20px;\n}\nbody .av-special-heading.av-ko2wjkk5-ed61a32beb2975d4d6611da1298d0563 .av-special-heading-tag .heading-char{\nfont-size:25px;\n}\n#top #wrap_all .av-special-heading.av-ko2wjkk5-ed61a32beb2975d4d6611da1298d0563 .av-special-heading-tag{\nfont-size:20px;\n}\n.av-special-heading.av-ko2wjkk5-ed61a32beb2975d4d6611da1298d0563 .av-subheading{\nfont-size:15px;\n}\n\n@media only screen and (min-width: 480px) and (max-width: 767px){ \n#top #wrap_all .av-special-heading.av-ko2wjkk5-ed61a32beb2975d4d6611da1298d0563 .av-special-heading-tag{\nfont-size:0.8em;\n}\n}\n\n@media only screen and (max-width: 479px){ \n#top #wrap_all .av-special-heading.av-ko2wjkk5-ed61a32beb2975d4d6611da1298d0563 .av-special-heading-tag{\nfont-size:0.8em;\n}\n}\n<\/style>\n<div  class='av-special-heading av-ko2wjkk5-ed61a32beb2975d4d6611da1298d0563 av-special-heading-h5 blockquote modern-quote modern-centered  avia-builder-el-18  el_after_av_image  el_before_av_textblock  av-inherit-size'><h5 class='av-special-heading-tag '  itemprop=\"headline\"  >Dr. med. Islam Abouelnaga<\/h5><div class='av-subheading av-subheading_below'><p>FMH Orthop\u00e9die\/Traumatologie<\/p>\n<\/div><div class=\"special-heading-border\"><div class=\"special-heading-inner-border\"><\/div><\/div><\/div><br \/>\n<section  class='av_textblock_section av-ko2wlijb-90d621b1466802937fb9f2ddc33468bf '   itemscope=\"itemscope\" itemtype=\"https:\/\/schema.org\/CreativeWork\" ><div class='avia_textblock'  itemprop=\"text\" ><p style=\"text-align: center;\">Email:\u00a0<a href=\"mailto:islam.abouelnaga@wzb.ch\">islam.abouelnaga@wzb.ch<\/a><br \/>\nParle aussi fran\u00e7ais, anglais, arabe, russe.<\/p>\n<\/div><\/section><br \/>\n\n<style type=\"text\/css\" data-created_by=\"avia_inline_auto\" id=\"style-css-av-4ds5we-565553c0d52ff913030d614d742908be\">\n#top .hr.hr-invisible.av-4ds5we-565553c0d52ff913030d614d742908be{\nheight:32px;\n}\n<\/style>\n<div  class='hr av-4ds5we-565553c0d52ff913030d614d742908be hr-invisible  avia-builder-el-20  el_after_av_textblock  el_before_av_button '><span class='hr-inner '><span class=\"hr-inner-style\"><\/span><\/span><\/div><br \/>\n<div  class='avia-button-wrap av-2xiipa-25a5c840d5c8924b681c2522c030dd4b-wrap avia-button-center  avia-builder-el-21  el_after_av_hr  avia-builder-el-last '><a href='https:\/\/www.medispine.ch\/fr\/prendre-rendez-vous-islam-abouelnaga\/'  class='avia-button av-2xiipa-25a5c840d5c8924b681c2522c030dd4b av-link-btn avia-icon_select-yes-right-icon avia-size-large avia-position-center avia-color-theme-color'   aria-label=\"Prendre rendez-vous en ligne\"><span class='avia_iconbox_title' >Prendre rendez-vous en ligne<\/span><span class='avia_button_icon avia_button_icon_right avia-iconfont avia-font-entypo-fontello' data-av_icon='\ue832' data-av_iconfont='entypo-fontello' ><\/span><\/a><\/div><\/p><\/div>\n","protected":false},"excerpt":{"rendered":"","protected":false},"author":1,"featured_media":0,"parent":0,"menu_order":2,"comment_status":"closed","ping_status":"closed","template":"","meta":{"footnotes":""},"class_list":["post-3727","page","type-page","status-publish","hentry"],"yoast_head":"<!-- This site is optimized with the Yoast SEO plugin v27.5 - https:\/\/yoast.com\/product\/yoast-seo-wordpress\/ -->\n<title>\u00c9quipe du Centre de chirurgie du rachis de Bienne \u2013 les sp\u00e9cialistes de la colonne vert\u00e9brale<\/title>\n<meta name=\"description\" content=\"L\u2019\u00e9quipe du Centre de chirurgie du rachis de Bienne est compos\u00e9e de sp\u00e9cialistes de la colonne vert\u00e9brale. Ils diagnostiquent puis traitent toutes sortes de maux de dos et de la colonne vert\u00e9brale.\" \/>\n<meta name=\"robots\" content=\"index, follow, max-snippet:-1, max-image-preview:large, max-video-preview:-1\" \/>\n<link rel=\"canonical\" href=\"https:\/\/www.medispine.ch\/fr\/rendez-vous-en-ligne\/\" \/>\n<meta property=\"og:locale\" content=\"fr_FR\" \/>\n<meta property=\"og:type\" content=\"article\" \/>\n<meta property=\"og:title\" content=\"\u00c9quipe du Centre de chirurgie du rachis de Bienne \u2013 les sp\u00e9cialistes de la colonne vert\u00e9brale\" \/>\n<meta property=\"og:description\" content=\"L\u2019\u00e9quipe du Centre de chirurgie du rachis de Bienne est compos\u00e9e de sp\u00e9cialistes de la colonne vert\u00e9brale. Ils diagnostiquent puis traitent toutes sortes de maux de dos et de la colonne vert\u00e9brale.\" \/>\n<meta property=\"og:url\" content=\"https:\/\/www.medispine.ch\/fr\/rendez-vous-en-ligne\/\" \/>\n<meta property=\"og:site_name\" content=\"Wirbels\u00e4ulenzentrum Biel-Seeland\" \/>\n<meta name=\"twitter:card\" content=\"summary_large_image\" \/>\n<meta name=\"twitter:label1\" content=\"Dur\u00e9e de lecture estim\u00e9e\" \/>\n\t<meta name=\"twitter:data1\" content=\"4 minutes\" \/>\n<script type=\"application\/ld+json\" class=\"yoast-schema-graph\">{\"@context\":\"https:\\\/\\\/schema.org\",\"@graph\":[{\"@type\":\"WebPage\",\"@id\":\"https:\\\/\\\/www.medispine.ch\\\/fr\\\/rendez-vous-en-ligne\\\/\",\"url\":\"https:\\\/\\\/www.medispine.ch\\\/fr\\\/rendez-vous-en-ligne\\\/\",\"name\":\"\u00c9quipe du Centre de chirurgie du rachis de Bienne \u2013 les sp\u00e9cialistes de la colonne vert\u00e9brale\",\"isPartOf\":{\"@id\":\"https:\\\/\\\/www.medispine.ch\\\/#website\"},\"datePublished\":\"2022-12-22T13:03:11+00:00\",\"description\":\"L\u2019\u00e9quipe du Centre de chirurgie du rachis de Bienne est compos\u00e9e de sp\u00e9cialistes de la colonne vert\u00e9brale. Ils diagnostiquent puis traitent toutes sortes de maux de dos et de la colonne vert\u00e9brale.\",\"breadcrumb\":{\"@id\":\"https:\\\/\\\/www.medispine.ch\\\/fr\\\/rendez-vous-en-ligne\\\/#breadcrumb\"},\"inLanguage\":\"fr-FR\",\"potentialAction\":[{\"@type\":\"ReadAction\",\"target\":[\"https:\\\/\\\/www.medispine.ch\\\/fr\\\/rendez-vous-en-ligne\\\/\"]}]},{\"@type\":\"BreadcrumbList\",\"@id\":\"https:\\\/\\\/www.medispine.ch\\\/fr\\\/rendez-vous-en-ligne\\\/#breadcrumb\",\"itemListElement\":[{\"@type\":\"ListItem\",\"position\":1,\"name\":\"Startseite\",\"item\":\"https:\\\/\\\/www.medispine.ch\\\/fr\\\/\"},{\"@type\":\"ListItem\",\"position\":2,\"name\":\"Rendez-vous en ligne\"}]},{\"@type\":\"WebSite\",\"@id\":\"https:\\\/\\\/www.medispine.ch\\\/#website\",\"url\":\"https:\\\/\\\/www.medispine.ch\\\/\",\"name\":\"Wirbels\u00e4ulenzentrum Biel-Seeland\",\"description\":\"\",\"potentialAction\":[{\"@type\":\"SearchAction\",\"target\":{\"@type\":\"EntryPoint\",\"urlTemplate\":\"https:\\\/\\\/www.medispine.ch\\\/?s={search_term_string}\"},\"query-input\":{\"@type\":\"PropertyValueSpecification\",\"valueRequired\":true,\"valueName\":\"search_term_string\"}}],\"inLanguage\":\"fr-FR\"}]}<\/script>\n<!-- \/ Yoast SEO plugin. -->","yoast_head_json":{"title":"\u00c9quipe du Centre de chirurgie du rachis de Bienne \u2013 les sp\u00e9cialistes de la colonne vert\u00e9brale","description":"L\u2019\u00e9quipe du Centre de chirurgie du rachis de Bienne est compos\u00e9e de sp\u00e9cialistes de la colonne vert\u00e9brale. Ils diagnostiquent puis traitent toutes sortes de maux de dos et de la colonne vert\u00e9brale.","robots":{"index":"index","follow":"follow","max-snippet":"max-snippet:-1","max-image-preview":"max-image-preview:large","max-video-preview":"max-video-preview:-1"},"canonical":"https:\/\/www.medispine.ch\/fr\/rendez-vous-en-ligne\/","og_locale":"fr_FR","og_type":"article","og_title":"\u00c9quipe du Centre de chirurgie du rachis de Bienne \u2013 les sp\u00e9cialistes de la colonne vert\u00e9brale","og_description":"L\u2019\u00e9quipe du Centre de chirurgie du rachis de Bienne est compos\u00e9e de sp\u00e9cialistes de la colonne vert\u00e9brale. Ils diagnostiquent puis traitent toutes sortes de maux de dos et de la colonne vert\u00e9brale.","og_url":"https:\/\/www.medispine.ch\/fr\/rendez-vous-en-ligne\/","og_site_name":"Wirbels\u00e4ulenzentrum Biel-Seeland","twitter_card":"summary_large_image","twitter_misc":{"Dur\u00e9e de lecture estim\u00e9e":"4 minutes"},"schema":{"@context":"https:\/\/schema.org","@graph":[{"@type":"WebPage","@id":"https:\/\/www.medispine.ch\/fr\/rendez-vous-en-ligne\/","url":"https:\/\/www.medispine.ch\/fr\/rendez-vous-en-ligne\/","name":"\u00c9quipe du Centre de chirurgie du rachis de Bienne \u2013 les sp\u00e9cialistes de la colonne vert\u00e9brale","isPartOf":{"@id":"https:\/\/www.medispine.ch\/#website"},"datePublished":"2022-12-22T13:03:11+00:00","description":"L\u2019\u00e9quipe du Centre de chirurgie du rachis de Bienne est compos\u00e9e de sp\u00e9cialistes de la colonne vert\u00e9brale. Ils diagnostiquent puis traitent toutes sortes de maux de dos et de la colonne vert\u00e9brale.","breadcrumb":{"@id":"https:\/\/www.medispine.ch\/fr\/rendez-vous-en-ligne\/#breadcrumb"},"inLanguage":"fr-FR","potentialAction":[{"@type":"ReadAction","target":["https:\/\/www.medispine.ch\/fr\/rendez-vous-en-ligne\/"]}]},{"@type":"BreadcrumbList","@id":"https:\/\/www.medispine.ch\/fr\/rendez-vous-en-ligne\/#breadcrumb","itemListElement":[{"@type":"ListItem","position":1,"name":"Startseite","item":"https:\/\/www.medispine.ch\/fr\/"},{"@type":"ListItem","position":2,"name":"Rendez-vous en ligne"}]},{"@type":"WebSite","@id":"https:\/\/www.medispine.ch\/#website","url":"https:\/\/www.medispine.ch\/","name":"Wirbels\u00e4ulenzentrum Biel-Seeland","description":"","potentialAction":[{"@type":"SearchAction","target":{"@type":"EntryPoint","urlTemplate":"https:\/\/www.medispine.ch\/?s={search_term_string}"},"query-input":{"@type":"PropertyValueSpecification","valueRequired":true,"valueName":"search_term_string"}}],"inLanguage":"fr-FR"}]}},"_links":{"self":[{"href":"https:\/\/www.medispine.ch\/fr\/wp-json\/wp\/v2\/pages\/3727","targetHints":{"allow":["GET"]}}],"collection":[{"href":"https:\/\/www.medispine.ch\/fr\/wp-json\/wp\/v2\/pages"}],"about":[{"href":"https:\/\/www.medispine.ch\/fr\/wp-json\/wp\/v2\/types\/page"}],"author":[{"embeddable":true,"href":"https:\/\/www.medispine.ch\/fr\/wp-json\/wp\/v2\/users\/1"}],"replies":[{"embeddable":true,"href":"https:\/\/www.medispine.ch\/fr\/wp-json\/wp\/v2\/comments?post=3727"}],"version-history":[{"count":9,"href":"https:\/\/www.medispine.ch\/fr\/wp-json\/wp\/v2\/pages\/3727\/revisions"}],"predecessor-version":[{"id":4022,"href":"https:\/\/www.medispine.ch\/fr\/wp-json\/wp\/v2\/pages\/3727\/revisions\/4022"}],"wp:attachment":[{"href":"https:\/\/www.medispine.ch\/fr\/wp-json\/wp\/v2\/media?parent=3727"}],"curies":[{"name":"wp","href":"https:\/\/api.w.org\/{rel}","templated":true}]}}